{"id":2045,"date":"2023-01-05T11:13:42","date_gmt":"2023-01-05T11:13:42","guid":{"rendered":"https:\/\/balaguer.realizando.es\/?page_id=2045"},"modified":"2023-03-16T16:34:27","modified_gmt":"2023-03-16T16:34:27","slug":"la-innovacion-y-el-control-de-calidad","status":"publish","type":"page","link":"https:\/\/www.balaguer-rolls.com\/es\/la-innovacion-y-el-control-de-calidad\/","title":{"rendered":"Calidad"},"content":{"rendered":"\t\t<div data-elementor-type=\"wp-page\" data-elementor-id=\"2045\" class=\"elementor elementor-2045\" data-elementor-post-type=\"page\">\n\t\t\t\t\t\t<section class=\"elementor-section elementor-top-section elementor-element elementor-element-182c8740 elementor-section-boxed elementor-section-height-default elementor-section-height-default\" data-id=\"182c8740\" data-element_type=\"section\">\n\t\t\t\t\t\t<div class=\"elementor-container elementor-column-gap-default\">\n\t\t\t\t\t<div class=\"elementor-column elementor-col-50 elementor-top-column elementor-element elementor-element-70b5d8d9\" data-id=\"70b5d8d9\" data-element_type=\"column\">\n\t\t\t<div class=\"elementor-widget-wrap elementor-element-populated\">\n\t\t\t\t\t\t<section class=\"elementor-section elementor-inner-section elementor-element elementor-element-576ea5c5 elementor-section-boxed elementor-section-height-default elementor-section-height-default\" data-id=\"576ea5c5\" data-element_type=\"section\">\n\t\t\t\t\t\t<div class=\"elementor-container elementor-column-gap-default\">\n\t\t\t\t\t<div class=\"elementor-column elementor-col-100 elementor-inner-column elementor-element elementor-element-368e30ac hero-slider__item\" data-id=\"368e30ac\" data-element_type=\"column\">\n\t\t\t<div class=\"elementor-widget-wrap elementor-element-populated\">\n\t\t\t\t\t\t<div class=\"elementor-element elementor-element-7a67f067 animated-slow elementor-invisible elementor-widget elementor-widget-heading\" data-id=\"7a67f067\" data-element_type=\"widget\" data-settings=\"{&quot;_animation&quot;:&quot;fadeInDown&quot;}\" data-widget_type=\"heading.default\">\n\t\t\t\t<div class=\"elementor-widget-container\">\n\t\t\t<h1 class=\"elementor-heading-title elementor-size-default\">la innovaci\u00f3n y el control de calidad en balaguer rolls\n<\/h1>\t\t<\/div>\n\t\t\t\t<\/div>\n\t\t\t\t<div class=\"elementor-element elementor-element-289ceb1e animated-slow elementor-invisible elementor-widget elementor-widget-text-editor\" data-id=\"289ceb1e\" data-element_type=\"widget\" data-settings=\"{&quot;_animation&quot;:&quot;fadeInUp&quot;}\" data-widget_type=\"text-editor.default\">\n\t\t\t\t<div class=\"elementor-widget-container\">\n\t\t\t\t\t\t\t<p>En Balaguer Rolls fabricamos cilindros que son sometidos a exhaustivos controles de calidad en cada uno de los procesos de producci\u00f3n para garantizar que cumplen todos los requisitos que solicitan nuestros clientes, cuidando la dureza, el temple, la presentaci\u00f3n y la protecci\u00f3n. Para conseguirlo utilizamos los equipos m\u00e1s precisos que existen en el mercado.<\/p>\t\t\t\t\t\t<\/div>\n\t\t\t\t<\/div>\n\t\t\t\t\t<\/div>\n\t\t<\/div>\n\t\t\t\t\t<\/div>\n\t\t<\/section>\n\t\t\t\t\t<\/div>\n\t\t<\/div>\n\t\t\t\t<div class=\"elementor-column elementor-col-50 elementor-top-column elementor-element elementor-element-302dd061\" data-id=\"302dd061\" data-element_type=\"column\">\n\t\t\t<div class=\"elementor-widget-wrap elementor-element-populated\">\n\t\t\t\t\t\t<div class=\"elementor-element elementor-element-5848ae02 animated-slow elementor-pagination-position-outside elementor-invisible elementor-widget elementor-widget-image-carousel\" data-id=\"5848ae02\" data-element_type=\"widget\" data-settings=\"{&quot;slides_to_show&quot;:&quot;1&quot;,&quot;navigation&quot;:&quot;dots&quot;,&quot;lazyload&quot;:&quot;yes&quot;,&quot;speed&quot;:800,&quot;_animation&quot;:&quot;fadeIn&quot;,&quot;_animation_delay&quot;:50,&quot;autoplay&quot;:&quot;no&quot;,&quot;infinite&quot;:&quot;yes&quot;,&quot;effect&quot;:&quot;slide&quot;}\" data-widget_type=\"image-carousel.default\">\n\t\t\t\t<div class=\"elementor-widget-container\">\n\t\t\t\t\t<div class=\"elementor-image-carousel-wrapper swiper\" dir=\"ltr\">\n\t\t\t<div class=\"elementor-image-carousel swiper-wrapper\" aria-live=\"polite\">\n\t\t\t\t\t\t\t\t<div class=\"swiper-slide\" role=\"group\" aria-roledescription=\"slide\" aria-label=\"1 de 2\"><figure class=\"swiper-slide-inner\"><img class=\"swiper-slide-image swiper-lazy\" data-src=\"https:\/\/www.balaguer-rolls.com\/wp-content\/uploads\/2023\/01\/innovacion-balaguer-rolls.webp\" alt=\"Innovaci\u00f3n y calidad - Fundiciones Balaguer Rolls\" \/><div class=\"swiper-lazy-preloader\"><\/div><\/figure><\/div><div class=\"swiper-slide\" role=\"group\" aria-roledescription=\"slide\" aria-label=\"2 de 2\"><figure class=\"swiper-slide-inner\"><img class=\"swiper-slide-image swiper-lazy\" data-src=\"https:\/\/www.balaguer-rolls.com\/wp-content\/uploads\/2023\/01\/innovacion-y-calidad-balaguer-rolls.webp\" alt=\"Innovaci\u00f3n y calidad - Fundiciones Balaguer Rolls\" \/><div class=\"swiper-lazy-preloader\"><\/div><\/figure><\/div>\t\t\t<\/div>\n\t\t\t\t\t\t\t\n\t\t\t\t\t\t\t\t\t<div class=\"swiper-pagination\"><\/div>\n\t\t\t\t\t\t\t\t\t<\/div>\n\t\t\t\t<\/div>\n\t\t\t\t<\/div>\n\t\t\t\t\t<\/div>\n\t\t<\/div>\n\t\t\t\t\t<\/div>\n\t\t<\/section>\n\t\t\t\t<section class=\"elementor-section elementor-top-section elementor-element elementor-element-3aed1b06 elementor-section-boxed elementor-section-height-default elementor-section-height-default\" data-id=\"3aed1b06\" data-element_type=\"section\">\n\t\t\t\t\t\t<div class=\"elementor-container elementor-column-gap-default\">\n\t\t\t\t\t<div class=\"elementor-column elementor-col-50 elementor-top-column elementor-element elementor-element-60eaa4e7\" data-id=\"60eaa4e7\" data-element_type=\"column\">\n\t\t\t<div class=\"elementor-widget-wrap elementor-element-populated\">\n\t\t\t\t\t\t<section class=\"elementor-section elementor-inner-section elementor-element elementor-element-6a1490b3 elementor-section-boxed elementor-section-height-default elementor-section-height-default\" data-id=\"6a1490b3\" data-element_type=\"section\">\n\t\t\t\t\t\t<div class=\"elementor-container elementor-column-gap-default\">\n\t\t\t\t\t<div class=\"elementor-column elementor-col-100 elementor-inner-column elementor-element elementor-element-14a5b4d5\" data-id=\"14a5b4d5\" data-element_type=\"column\">\n\t\t\t<div class=\"elementor-widget-wrap elementor-element-populated\">\n\t\t\t\t\t\t<div class=\"elementor-element elementor-element-13ebce3 animated-slow elementor-invisible elementor-widget elementor-widget-heading\" data-id=\"13ebce3\" data-element_type=\"widget\" data-settings=\"{&quot;_animation&quot;:&quot;fadeInDown&quot;}\" data-widget_type=\"heading.default\">\n\t\t\t\t<div class=\"elementor-widget-container\">\n\t\t\t<h2 class=\"elementor-heading-title elementor-size-default\">Control de calidad<\/h2>\t\t<\/div>\n\t\t\t\t<\/div>\n\t\t\t\t<div class=\"elementor-element elementor-element-1d8fa080 animated-slow elementor-invisible elementor-widget elementor-widget-text-editor\" data-id=\"1d8fa080\" data-element_type=\"widget\" data-settings=\"{&quot;_animation&quot;:&quot;fadeInUp&quot;}\" data-widget_type=\"text-editor.default\">\n\t\t\t\t<div class=\"elementor-widget-container\">\n\t\t\t\t\t\t\t<p>Siendo la m\u00e1xima de la compa\u00f1\u00eda el control de calidad, en Balaguer Rolls involucramos a todo el equipo humano en el proceso de control para conseguir una mejora continua siempre orientada a la satisfacci\u00f3n del cliente.<\/p><p>Gracias a estos profesionales comprometidos con la calidad y a los equipos de medici\u00f3n m\u00e1s avanzados del mundo, en Balaguer Rolls tenemos un conocimiento preciso de las necesidades de cada cliente para ofrecer soluciones personalizadas y garantizar la precisi\u00f3n y durabilidad de los cilindros.<\/p>\t\t\t\t\t\t<\/div>\n\t\t\t\t<\/div>\n\t\t\t\t\t<\/div>\n\t\t<\/div>\n\t\t\t\t\t<\/div>\n\t\t<\/section>\n\t\t\t\t\t<\/div>\n\t\t<\/div>\n\t\t\t\t<div class=\"elementor-column elementor-col-50 elementor-top-column elementor-element elementor-element-45ee41e1\" data-id=\"45ee41e1\" data-element_type=\"column\">\n\t\t\t<div class=\"elementor-widget-wrap elementor-element-populated\">\n\t\t\t\t\t\t<div class=\"elementor-element elementor-element-2ddcb005 animated-slow elementor-pagination-position-outside elementor-invisible elementor-widget elementor-widget-image-carousel\" data-id=\"2ddcb005\" data-element_type=\"widget\" data-settings=\"{&quot;slides_to_show&quot;:&quot;1&quot;,&quot;navigation&quot;:&quot;dots&quot;,&quot;lazyload&quot;:&quot;yes&quot;,&quot;speed&quot;:800,&quot;_animation&quot;:&quot;fadeIn&quot;,&quot;_animation_delay&quot;:50,&quot;autoplay&quot;:&quot;no&quot;,&quot;infinite&quot;:&quot;yes&quot;,&quot;effect&quot;:&quot;slide&quot;}\" data-widget_type=\"image-carousel.default\">\n\t\t\t\t<div class=\"elementor-widget-container\">\n\t\t\t\t\t<div class=\"elementor-image-carousel-wrapper swiper\" dir=\"ltr\">\n\t\t\t<div class=\"elementor-image-carousel swiper-wrapper\" aria-live=\"polite\">\n\t\t\t\t\t\t\t\t<div class=\"swiper-slide\" role=\"group\" aria-roledescription=\"slide\" aria-label=\"1 de 3\"><figure class=\"swiper-slide-inner\"><img class=\"swiper-slide-image swiper-lazy\" data-src=\"https:\/\/www.balaguer-rolls.com\/wp-content\/uploads\/2023\/01\/precision-y-durabilidad-de-los-cilindros-de-balaguer-rolls.webp\" alt=\"Precisi\u00f3n y durabilidad de los cilindros en Fundiciones Balaguer Rolls\" \/><div class=\"swiper-lazy-preloader\"><\/div><\/figure><\/div><div class=\"swiper-slide\" role=\"group\" aria-roledescription=\"slide\" aria-label=\"2 de 3\"><figure class=\"swiper-slide-inner\"><img class=\"swiper-slide-image swiper-lazy\" data-src=\"https:\/\/www.balaguer-rolls.com\/wp-content\/uploads\/2023\/01\/equipo-humano-en-el-proceso-de-calidad-dentro-de-balaguer-rolls.webp\" alt=\"Equipo humano en el proceso de calidad dentro de Balaguer Rolls\" \/><div class=\"swiper-lazy-preloader\"><\/div><\/figure><\/div><div class=\"swiper-slide\" role=\"group\" aria-roledescription=\"slide\" aria-label=\"3 de 3\"><figure class=\"swiper-slide-inner\"><img class=\"swiper-slide-image swiper-lazy\" data-src=\"https:\/\/www.balaguer-rolls.com\/wp-content\/uploads\/2023\/01\/control-de-calidad-balaguer-rolls.webp\" alt=\"Control de calidad dentro de Balaguer Rolls\" \/><div class=\"swiper-lazy-preloader\"><\/div><\/figure><\/div>\t\t\t<\/div>\n\t\t\t\t\t\t\t\n\t\t\t\t\t\t\t\t\t<div class=\"swiper-pagination\"><\/div>\n\t\t\t\t\t\t\t\t\t<\/div>\n\t\t\t\t<\/div>\n\t\t\t\t<\/div>\n\t\t\t\t\t<\/div>\n\t\t<\/div>\n\t\t\t\t\t<\/div>\n\t\t<\/section>\n\t\t\t\t<section class=\"elementor-section elementor-top-section elementor-element elementor-element-6f00e0c1 elementor-section-boxed elementor-section-height-default elementor-section-height-default\" data-id=\"6f00e0c1\" data-element_type=\"section\">\n\t\t\t\t\t\t<div class=\"elementor-container elementor-column-gap-default\">\n\t\t\t\t\t<div class=\"elementor-column elementor-col-50 elementor-top-column elementor-element elementor-element-50a90728\" data-id=\"50a90728\" data-element_type=\"column\">\n\t\t\t<div class=\"elementor-widget-wrap elementor-element-populated\">\n\t\t\t\t\t\t<section class=\"elementor-section elementor-inner-section elementor-element elementor-element-7d537236 elementor-section-boxed elementor-section-height-default elementor-section-height-default\" data-id=\"7d537236\" data-element_type=\"section\">\n\t\t\t\t\t\t<div class=\"elementor-container elementor-column-gap-default\">\n\t\t\t\t\t<div class=\"elementor-column elementor-col-100 elementor-inner-column elementor-element elementor-element-1018db03\" data-id=\"1018db03\" data-element_type=\"column\">\n\t\t\t<div class=\"elementor-widget-wrap elementor-element-populated\">\n\t\t\t\t\t\t<div class=\"elementor-element elementor-element-32a9497a animated-slow elementor-invisible elementor-widget elementor-widget-heading\" data-id=\"32a9497a\" data-element_type=\"widget\" data-settings=\"{&quot;_animation&quot;:&quot;fadeInDown&quot;}\" data-widget_type=\"heading.default\">\n\t\t\t\t<div class=\"elementor-widget-container\">\n\t\t\t<h2 class=\"elementor-heading-title elementor-size-default\">OPTICAL FLUTING TEST<\/h2>\t\t<\/div>\n\t\t\t\t<\/div>\n\t\t\t\t<div class=\"elementor-element elementor-element-2b65b632 animated-slow elementor-invisible elementor-widget elementor-widget-text-editor\" data-id=\"2b65b632\" data-element_type=\"widget\" data-settings=\"{&quot;_animation&quot;:&quot;fadeInUp&quot;}\" data-widget_type=\"text-editor.default\">\n\t\t\t\t<div class=\"elementor-widget-container\">\n\t\t\t\t\t\t\t<p>Algunos de estos equipos de medici\u00f3n han sido desarrollados por el propio departamento de I+D de Balaguer Rolls para dar respuesta a las necesidades de un mercado cambiante y exigente. Este es el caso del revolucionario Optical Fluting Test, que adem\u00e1s de ser un instrumento port\u00e1til y compacto, ofrece una precisi\u00f3n nunca vista en la medici\u00f3n sin necesidad de contacto con el cilindro gracias a su sistema de medici\u00f3n \u00f3ptico.<\/p>\t\t\t\t\t\t<\/div>\n\t\t\t\t<\/div>\n\t\t\t\t\t<\/div>\n\t\t<\/div>\n\t\t\t\t\t<\/div>\n\t\t<\/section>\n\t\t\t\t\t<\/div>\n\t\t<\/div>\n\t\t\t\t<div class=\"elementor-column elementor-col-50 elementor-top-column elementor-element elementor-element-49e5ae73\" data-id=\"49e5ae73\" data-element_type=\"column\">\n\t\t\t<div class=\"elementor-widget-wrap elementor-element-populated\">\n\t\t\t\t\t\t<div class=\"elementor-element elementor-element-47dc634 elementor-widget elementor-widget-video\" data-id=\"47dc634\" data-element_type=\"widget\" data-settings=\"{&quot;youtube_url&quot;:&quot;https:\\\/\\\/www.youtube.com\\\/watch?v=vA-4ijaEUdo&quot;,&quot;autoplay&quot;:&quot;yes&quot;,&quot;play_on_mobile&quot;:&quot;yes&quot;,&quot;mute&quot;:&quot;yes&quot;,&quot;loop&quot;:&quot;yes&quot;,&quot;video_type&quot;:&quot;youtube&quot;}\" data-widget_type=\"video.default\">\n\t\t\t\t<div class=\"elementor-widget-container\">\n\t\t\t\t\t<div class=\"elementor-wrapper elementor-open-inline\">\n\t\t\t<div class=\"elementor-video\"><\/div>\t\t<\/div>\n\t\t\t\t<\/div>\n\t\t\t\t<\/div>\n\t\t\t\t\t<\/div>\n\t\t<\/div>\n\t\t\t\t\t<\/div>\n\t\t<\/section>\n\t\t\t\t<\/div>\n\t\t","protected":false},"excerpt":{"rendered":"<p>la innovaci\u00f3n y el control de calidad en balaguer rolls En Balaguer Rolls fabricamos cilindros que son sometidos a exhaustivos controles de calidad en cada uno de los procesos de producci\u00f3n para garantizar que cumplen todos los requisitos que solicitan nuestros clientes, cuidando la dureza, el temple, la presentaci\u00f3n y la protecci\u00f3n. Para conseguirlo utilizamos [&hellip;]<\/p>\n","protected":false},"author":1,"featured_media":0,"parent":0,"menu_order":0,"comment_status":"closed","ping_status":"closed","template":"","meta":{"rank_math_lock_modified_date":false,"_monsterinsights_skip_tracking":false,"_monsterinsights_sitenote_active":false,"_monsterinsights_sitenote_note":"","_monsterinsights_sitenote_category":0,"footnotes":""},"class_list":["post-2045","page","type-page","status-publish","hentry"],"_links":{"self":[{"href":"https:\/\/www.balaguer-rolls.com\/es\/wp-json\/wp\/v2\/pages\/2045"}],"collection":[{"href":"https:\/\/www.balaguer-rolls.com\/es\/wp-json\/wp\/v2\/pages"}],"about":[{"href":"https:\/\/www.balaguer-rolls.com\/es\/wp-json\/wp\/v2\/types\/page"}],"author":[{"embeddable":true,"href":"https:\/\/www.balaguer-rolls.com\/es\/wp-json\/wp\/v2\/users\/1"}],"replies":[{"embeddable":true,"href":"https:\/\/www.balaguer-rolls.com\/es\/wp-json\/wp\/v2\/comments?post=2045"}],"version-history":[{"count":19,"href":"https:\/\/www.balaguer-rolls.com\/es\/wp-json\/wp\/v2\/pages\/2045\/revisions"}],"predecessor-version":[{"id":4698,"href":"https:\/\/www.balaguer-rolls.com\/es\/wp-json\/wp\/v2\/pages\/2045\/revisions\/4698"}],"wp:attachment":[{"href":"https:\/\/www.balaguer-rolls.com\/es\/wp-json\/wp\/v2\/media?parent=2045"}],"curies":[{"name":"wp","href":"https:\/\/api.w.org\/{rel}","templated":true}]}}