{"id":2206,"date":"2023-01-05T15:58:12","date_gmt":"2023-01-05T15:58:12","guid":{"rendered":"https:\/\/balaguer.realizando.es\/?page_id=2206"},"modified":"2023-01-17T10:13:57","modified_gmt":"2023-01-17T10:13:57","slug":"aviso-legal","status":"publish","type":"page","link":"https:\/\/www.balaguer-rolls.com\/es\/aviso-legal\/","title":{"rendered":"Aviso legal"},"content":{"rendered":"\t\t<div data-elementor-type=\"wp-page\" data-elementor-id=\"2206\" class=\"elementor elementor-2206\" data-elementor-post-type=\"page\">\n\t\t\t\t\t\t<section class=\"elementor-section elementor-top-section elementor-element elementor-element-3a82ba9c elementor-section-boxed elementor-section-height-default elementor-section-height-default\" data-id=\"3a82ba9c\" data-element_type=\"section\">\n\t\t\t\t\t\t<div class=\"elementor-container elementor-column-gap-default\">\n\t\t\t\t\t<div class=\"elementor-column elementor-col-100 elementor-top-column elementor-element elementor-element-52c86da4\" data-id=\"52c86da4\" data-element_type=\"column\">\n\t\t\t<div class=\"elementor-widget-wrap elementor-element-populated\">\n\t\t\t\t\t\t<div class=\"elementor-element elementor-element-20e7de8 elementor-widget elementor-widget-heading\" data-id=\"20e7de8\" data-element_type=\"widget\" data-widget_type=\"heading.default\">\n\t\t\t\t<div class=\"elementor-widget-container\">\n\t\t\t<h2 class=\"elementor-heading-title elementor-size-default\">Aviso legal<\/h2>\t\t<\/div>\n\t\t\t\t<\/div>\n\t\t\t\t<div class=\"elementor-element elementor-element-11ef3a28 elementor-widget elementor-widget-text-editor\" data-id=\"11ef3a28\" data-element_type=\"widget\" data-widget_type=\"text-editor.default\">\n\t\t\t\t<div class=\"elementor-widget-container\">\n\t\t\t\t\t\t\t<p>El presente Aviso Legal regula el uso de la P\u00e1gina web www.balaguer-rolls.com (en adelante, la P\u00e1gina) titularidad de Fundiciones Balaguer S.A. con NIF A03028552, con domicilio e Pol\u00edgono Industrial Los Vasalos. P. 104 03430 Onil (Alicante) con direcci\u00f3n de correo electr\u00f3nico. <span style=\"color: #ffbf3b;\"><a style=\"color: #ffbf3b;\" href=\"mailto:info@balaguer-rolls.tr\">info@balaguer-rolls.tr<\/a><\/span><\/p><p>Fundiciones Balaguer S.A. se encuentra inscrita en el Registro Mercantil de Alicante, Libro 58, Secci\u00f3n 3\u00aa, Tomo 288, Folio 181, Hoja 866.<\/p><p>La P\u00e1gina ha sido creada por Fundiciones Balaguer con la finalidad de ofrecer informaci\u00f3n asociada a sus servicios de venta, reparaci\u00f3n y mantenimiento de cilindros para la industria alimentaria a trav\u00e9s de la P\u00e1gina.<\/p>\t\t\t\t\t\t<\/div>\n\t\t\t\t<\/div>\n\t\t\t\t<div class=\"elementor-element elementor-element-562dad25 elementor-widget elementor-widget-heading\" data-id=\"562dad25\" data-element_type=\"widget\" data-widget_type=\"heading.default\">\n\t\t\t\t<div class=\"elementor-widget-container\">\n\t\t\t<h2 class=\"elementor-heading-title elementor-size-default\">Uso de la p\u00e1gina<\/h2>\t\t<\/div>\n\t\t\t\t<\/div>\n\t\t\t\t<div class=\"elementor-element elementor-element-3fb05400 elementor-widget elementor-widget-text-editor\" data-id=\"3fb05400\" data-element_type=\"widget\" data-widget_type=\"text-editor.default\">\n\t\t\t\t<div class=\"elementor-widget-container\">\n\t\t\t\t\t\t\t<p>La utilizaci\u00f3n de la P\u00e1gina atribuye la condici\u00f3n de Usuario e implica su aceptaci\u00f3n de forma expresa de todas y cada una de las cl\u00e1usulas que se indican en el presente Aviso Legal, as\u00ed como cada una de las advertencias o cl\u00e1usulas especificas que se establezcan para la contrataci\u00f3n de determinados servicios, productos o uso de zonas de la P\u00e1gina.<\/p><p>Fundiciones Balaguer act\u00faa exclusivamente como responsable de la P\u00e1gina en su condici\u00f3n de prestador de un servicio de informaci\u00f3n sobre sus propios servicios no haci\u00e9ndose responsable de los contenidos que, en contravenci\u00f3n a las presentes condiciones generales, los usuarios pudieran enviar o publicar, siendo el usuario el \u00fanico responsable de la veracidad y licitud de los mismos.<\/p><p>El Usuario se obliga a no utilizar la P\u00e1gina para la realizaci\u00f3n de actividades contrarias a las leyes, a la moral, al orden p\u00fablico y, en general, a hacer un uso conforme a las condiciones establecidas en el presente Aviso legal. Asimismo, se obliga a no realizar actividades publicitarias o de exportaci\u00f3n comercial remitiendo mensajes que utilicen una identidad falsa.<\/p><p>Fundiciones Balaguer podr\u00e1 interrumpir el servicio de la P\u00e1gina que este diendo utilizado por el ususario y resolver de modo inmediato la relaci\u00f3n con el ususario si detecta un uso de la P\u00e1gina o de cualquiera de los servicios que en el mismo se ofertan que pueda considerar contrario a lo expresado en el presente Aviso Legal.<\/p><p>Le rogamos que consulte nuestras Pol\u00edticas de Cookies y de protecci\u00f3n de Datos.<\/p>\t\t\t\t\t\t<\/div>\n\t\t\t\t<\/div>\n\t\t\t\t<div class=\"elementor-element elementor-element-7b3cc09 elementor-widget elementor-widget-heading\" data-id=\"7b3cc09\" data-element_type=\"widget\" data-widget_type=\"heading.default\">\n\t\t\t\t<div class=\"elementor-widget-container\">\n\t\t\t<h2 class=\"elementor-heading-title elementor-size-default\">Propiedad intelectual e industrial<\/h2>\t\t<\/div>\n\t\t\t\t<\/div>\n\t\t\t\t<div class=\"elementor-element elementor-element-4ab1fe47 elementor-widget elementor-widget-text-editor\" data-id=\"4ab1fe47\" data-element_type=\"widget\" data-widget_type=\"text-editor.default\">\n\t\t\t\t<div class=\"elementor-widget-container\">\n\t\t\t\t\t\t\t<p>La totalidad de esta P\u00e1gina: texto, im\u00e1genes, marcas, gr\u00e1ficos, logotipos, botones, archivos de software, combinaciones de colores, as\u00ed como la estructura, selecci\u00f3n, ordenaci\u00f3n y presentaci\u00f3n de sus contenidos, se encuentra protegida por las leyes sobre propiedad intelectual e Industrial, quedando prohibida su reproducci\u00f3n, distribuci\u00f3n, comunicaci\u00f3n p\u00fablica y transformaci\u00f3n, salvo para uso personal y privado.<\/p><p>Fundiciones Balaguer no garantizaque los contenidos sean precisos o libres de error o que el libre uso de los mismos por el usuario no infrinja los derechos de terceras partes. El buen o mal uso de esta p\u00e1gina y de sus contenidos est\u00e1 bajo la responsabilidad del usuario.<\/p><p>Queda prohibida la reproducci\u00f3n, retransmisi\u00f3n, copia, cesi\u00f3n o redifusi\u00f3n, total o parcial, de la informaci\u00f3n contenida en la P\u00e1gina, cualquiera que fuera su finalidad y el medio utilizado para ello, sin autorizaci\u00f3n previa de Fundiciones Balaguer.<\/p>\t\t\t\t\t\t<\/div>\n\t\t\t\t<\/div>\n\t\t\t\t<div class=\"elementor-element elementor-element-598ebabc elementor-widget elementor-widget-heading\" data-id=\"598ebabc\" data-element_type=\"widget\" data-widget_type=\"heading.default\">\n\t\t\t\t<div class=\"elementor-widget-container\">\n\t\t\t<h2 class=\"elementor-heading-title elementor-size-default\">Enlaces o links<\/h2>\t\t<\/div>\n\t\t\t\t<\/div>\n\t\t\t\t<div class=\"elementor-element elementor-element-24846dc7 elementor-widget elementor-widget-text-editor\" data-id=\"24846dc7\" data-element_type=\"widget\" data-widget_type=\"text-editor.default\">\n\t\t\t\t<div class=\"elementor-widget-container\">\n\t\t\t\t\t\t\t<p>La P\u00e1gina puede incluir enlaces o links a sitios de terceros. Las p\u00e1ginas pertenecientes a terceros no han sido revisadas ni han sido objeto de controles por parte de Fundiciones Balaguer. En cualquier caso, no podr\u00e1 ser considerada responsable de los contenidos de estos sitios web ni de las medidas que se adopten relativas a su privacidad o al tratamiento de sus datos de car\u00e1cter personal.<\/p><p>Fundiciones Balaguer recomienda la lectura detenida de las condiciones de uso y la pol\u00edtica de privacidad de estos sitios.<\/p><p>En caso de estar interesado en activar un enlace a la P\u00e1gina deber\u00e1 comunicarlo, obteniendo el consentimiento expreso para crear el enlace. Fundiciones Balaguer se reserva el derecho de oposici\u00f3n a la actividad de enlaces con su sitio web.<\/p>\t\t\t\t\t\t<\/div>\n\t\t\t\t<\/div>\n\t\t\t\t<div class=\"elementor-element elementor-element-759798f3 elementor-widget elementor-widget-heading\" data-id=\"759798f3\" data-element_type=\"widget\" data-widget_type=\"heading.default\">\n\t\t\t\t<div class=\"elementor-widget-container\">\n\t\t\t<h2 class=\"elementor-heading-title elementor-size-default\">Redes sociales, blogs y comunidades<\/h2>\t\t<\/div>\n\t\t\t\t<\/div>\n\t\t\t\t<div class=\"elementor-element elementor-element-4d3ccd4a elementor-widget elementor-widget-text-editor\" data-id=\"4d3ccd4a\" data-element_type=\"widget\" data-widget_type=\"text-editor.default\">\n\t\t\t\t<div class=\"elementor-widget-container\">\n\t\t\t\t\t\t\t<p>La presente web utilizar\u00e1 un Blog basado en WordPress as\u00ed como, Redes sociales y comunidades virtuales que se utilizar\u00e1n como medios de comunicaci\u00f3n y promoci\u00f3n de los servicios de Fundiciones Balaguer S.A. Las redes sociales y comunidades virtuales de las que hace uso son las siguientes: Facebook, Twitter, Linkedin, Pinterest, Foursquare y Google+ sin perjuicio de que Fundiciones Balaguer S.A pueda utilizar otras en un futuro. Los objetivos espec\u00edficos a trav\u00e9s de los cuales se usan dichos medios son el apoyo medi\u00e1tico y difusi\u00f3n de los servicios de Fundiciones Balaguer S.A.<\/p><p>Con respecto a la informaci\u00f3n de los contenidos de las redes sociales. Fundiciones Balaguer S.A. no se hace responsable en ning\u00fan caso de la veracidad, exactitud, adecuaci\u00f3n, idoneidad, y actualizaci\u00f3n de la informaci\u00f3n suministrada a trav\u00e9s de las mismas.<br \/>Los contenidos establecidos en las redes sociales son exclusivamente informativos, por lo que Fundiciones Balaguer S.A. no se responsabiliza de las decisiones tomadas por el Usuario a partir de las mismas, ni de los da\u00f1os y perjuicios producidos en el Usuario o en terceros con base en esta informaci\u00f3n.<\/p><p>Fundiciones Balaguer S.A procurar\u00e1 fomentar la calidad del sitio a trav\u00e9s de la subsanaci\u00f3n de errores en datos recibidos, as\u00ed como, en la administraci\u00f3n del sitio y posibilitar\u00e1 que terceros usuarios puedan reportar denuncias sobre comentarios ofensivos e improcedentes que no tengan que ver con los temas tratados, fotos publicadas o v\u00eddeos igualmente no relacionados con los temas a los que se destina las anteriores Redes sociales, Comunidades y Blogs. En estos caso Fundiciones Balaguer S.A. como administrador de las redes tendr\u00e1 la potestad de borrar toda informaci\u00f3n que no se ajuste a la calidad, objeto y buen servicio informativo y l\u00fadico de las redes sociales. No obstante pese a la intenci\u00f3n de procurar la m\u00e1xima calidad de contenidos, Fundiciones Balaguer S.A no se har\u00e1 responsable de las informaciones referidas.<\/p><p>Se informa que el acceso a las redes , Blog y comunidades de los que la web hace uso para los objetivos anteriormente descritos requiere de un servicio\/ suministro por parte de otros prestadores de servicios de la sociedad de la informaci\u00f3n. Fundiciones Balaguer S.A no puede en ning\u00fan momento responsabilizarse de la fiabilidad, calidad, continuidad y funcionamiento de las mismas y por tanto no puede impedir su suspenso, cancelaci\u00f3n inaccesbilidad.<br \/>Fundiciones Balaguer S.A. no se responsabilizar\u00e1 de los da\u00f1os o perjuicios que sufra el Usuario por motivos que provengan de fallos o desconexiones en las redes y que puedan producir p\u00e9rdidas de informaci\u00f3n, suspensiones, cancelaciones o interrupciones del servicio de las redes sociales, Blogs y comunidades durante la prestaci\u00f3n del mismo o con car\u00e1cter previo.<br \/>Las redes sociales , comunidades y Blog pueden permitir el acceso a enlaces y otras p\u00e1ginas web. Atendiendo a la Ley 34\/2002, de 11 de julio, de servicios de la sociedad de la informaci\u00f3n y de comercio electr\u00f3nico Fundiciones Balaguer S.A. act\u00faa como prestador de servicios de intermediaci\u00f3n, por lo que s\u00f3lo ser\u00e1 responsable de los contenidos y servicios suministrados en los Sitios Enlazados en la medida en que tenga conocimiento efectivo de su ilicitud y no haya actuado con la diligencia debida para retirarlos. Si el usuario considera que alguno de los Sitios Enlazados incluye contenidos il\u00edcitos o inadecuados, podr\u00e1 comunic\u00e1rselo a Fundiciones Balaguer S.A. mediante el mail establecido al principio del presente aviso legal, procediendo diligentemente a retirar dichos enlaces.<\/p><p>Fundiciones Balaguer S.A., en ning\u00fan caso se hace responsable de los contenidos y servicios ofrecidos en los Sitios Enlazados, por lo que no responde de los da\u00f1os producidos por su ilicitud, calidad, desactualizaci\u00f3n, indisponibilidad, error o inutilidad.<\/p>\t\t\t\t\t\t<\/div>\n\t\t\t\t<\/div>\n\t\t\t\t<div class=\"elementor-element elementor-element-54e71ddf elementor-widget elementor-widget-heading\" data-id=\"54e71ddf\" data-element_type=\"widget\" data-widget_type=\"heading.default\">\n\t\t\t\t<div class=\"elementor-widget-container\">\n\t\t\t<h2 class=\"elementor-heading-title elementor-size-default\">Menores de edad<\/h2>\t\t<\/div>\n\t\t\t\t<\/div>\n\t\t\t\t<div class=\"elementor-element elementor-element-64dc332f elementor-widget elementor-widget-text-editor\" data-id=\"64dc332f\" data-element_type=\"widget\" data-widget_type=\"text-editor.default\">\n\t\t\t\t<div class=\"elementor-widget-container\">\n\t\t\t\t\t\t\t<p>Fundiciones Balaguer recuerda a los usuarios mayores de edad, que tengan a su cargo menores, que ser\u00e1 de su exclusiva responsabilidad determinar qu\u00e9 servicios y\/o contenidos son apropiados para la edad de estos \u00faltimos.<\/p><p>Fundiciones Balaguer no ser\u00e1 responsable directa ni subsidiariamente de:<\/p><ul><li>La calidad del servicio, la velocidad de acceso, el correcto funcionamiento ni la disponibilidad ni continuidad de funcionamiento de la P\u00e1gina.<\/li><li>Los da\u00f1os que puedan causarse en los equipos del usuario por la utilizaci\u00f3n de la p\u00e1gina.<\/li><li>Los casos en que un tercero, quebrantando las medidas de seguridad establecidas, acceda a los mensajes o los utilice para la remisi\u00f3n de virus inform\u00e1ticos.<\/li><li>Los vicios y defectos de toda clase de los contenidos que los usuarios transmitan con la utilizaci\u00f3n de la p\u00e1gina o de los servicios en \u00e9l ofertados, as\u00ed como tampoco su veracidad o exactitud. Fundiciones Balaguer no controla la utilizaci\u00f3n que los usuarios hacen de la P\u00e1gina, ni garantiza que lo hagan conforme a los establecido en el presente Aviso Legal.<\/li><\/ul><p>A t\u00edtulo enunciativo y con car\u00e1cter no limitado, el usuario ser\u00e1 responsable de:<\/p><ul><li>De los contenidos introducidos por ellos, especialmente de los datos e informaciones introducidos y enviados a Fundiciones Balaguer por medio de la P\u00e1gina.<\/li><li>De la realizaci\u00f3n de cualquier tipo de actuaci\u00f3n il\u00edcita, lesiva de derechos, nociva y\/o perjudicial.<\/li><li>De la facilitaci\u00f3n de datos no veraces o incorrectos.<\/li><\/ul>\t\t\t\t\t\t<\/div>\n\t\t\t\t<\/div>\n\t\t\t\t<div class=\"elementor-element elementor-element-7ea6aaf0 elementor-widget elementor-widget-heading\" data-id=\"7ea6aaf0\" data-element_type=\"widget\" data-widget_type=\"heading.default\">\n\t\t\t\t<div class=\"elementor-widget-container\">\n\t\t\t<h2 class=\"elementor-heading-title elementor-size-default\">Fuero<\/h2>\t\t<\/div>\n\t\t\t\t<\/div>\n\t\t\t\t<div class=\"elementor-element elementor-element-fc58bfd elementor-widget elementor-widget-text-editor\" data-id=\"fc58bfd\" data-element_type=\"widget\" data-widget_type=\"text-editor.default\">\n\t\t\t\t<div class=\"elementor-widget-container\">\n\t\t\t\t\t\t\t<p>El presente Aviso Legal se encuentra redactado en castellano y sometido a la legislaci\u00f3n espa\u00f1ola vigente. Para cualquier tipo de controversia derivada de la utilizaci\u00f3n de los servicios ofrecidos o de los contenidos propios de la P\u00e1gina las partes, con la aceptaci\u00f3n del clausulado establecido en el presente Aviso Legal se someter\u00e1n a los Tribunales y Juzgados competentes de la ciudad de Alicante.<\/p><p>\u00daltima actualizaci\u00f3n: 23 de Mayo de 2018.<\/p>\t\t\t\t\t\t<\/div>\n\t\t\t\t<\/div>\n\t\t\t\t\t<\/div>\n\t\t<\/div>\n\t\t\t\t\t<\/div>\n\t\t<\/section>\n\t\t\t\t<\/div>\n\t\t","protected":false},"excerpt":{"rendered":"<p>Aviso legal El presente Aviso Legal regula el uso de la P\u00e1gina web www.balaguer-rolls.com (en adelante, la P\u00e1gina) titularidad de Fundiciones Balaguer S.A. con NIF A03028552, con domicilio e Pol\u00edgono Industrial Los Vasalos. P. 104 03430 Onil (Alicante) con direcci\u00f3n de correo electr\u00f3nico. info@balaguer-rolls.tr Fundiciones Balaguer S.A. se encuentra inscrita en el Registro Mercantil de [&hellip;]<\/p>\n","protected":false},"author":1,"featured_media":0,"parent":0,"menu_order":0,"comment_status":"closed","ping_status":"closed","template":"","meta":{"rank_math_lock_modified_date":false,"_monsterinsights_skip_tracking":false,"_monsterinsights_sitenote_active":false,"_monsterinsights_sitenote_note":"","_monsterinsights_sitenote_category":0,"footnotes":""},"class_list":["post-2206","page","type-page","status-publish","hentry"],"_links":{"self":[{"href":"https:\/\/www.balaguer-rolls.com\/es\/wp-json\/wp\/v2\/pages\/2206"}],"collection":[{"href":"https:\/\/www.balaguer-rolls.com\/es\/wp-json\/wp\/v2\/pages"}],"about":[{"href":"https:\/\/www.balaguer-rolls.com\/es\/wp-json\/wp\/v2\/types\/page"}],"author":[{"embeddable":true,"href":"https:\/\/www.balaguer-rolls.com\/es\/wp-json\/wp\/v2\/users\/1"}],"replies":[{"embeddable":true,"href":"https:\/\/www.balaguer-rolls.com\/es\/wp-json\/wp\/v2\/comments?post=2206"}],"version-history":[{"count":5,"href":"https:\/\/www.balaguer-rolls.com\/es\/wp-json\/wp\/v2\/pages\/2206\/revisions"}],"predecessor-version":[{"id":3585,"href":"https:\/\/www.balaguer-rolls.com\/es\/wp-json\/wp\/v2\/pages\/2206\/revisions\/3585"}],"wp:attachment":[{"href":"https:\/\/www.balaguer-rolls.com\/es\/wp-json\/wp\/v2\/media?parent=2206"}],"curies":[{"name":"wp","href":"https:\/\/api.w.org\/{rel}","templated":true}]}}