{"id":2210,"date":"2023-01-05T15:59:06","date_gmt":"2023-01-05T15:59:06","guid":{"rendered":"https:\/\/balaguer.realizando.es\/?page_id=2210"},"modified":"2023-01-17T10:16:47","modified_gmt":"2023-01-17T10:16:47","slug":"politica-de-cookies","status":"publish","type":"page","link":"https:\/\/www.balaguer-rolls.com\/es\/politica-de-cookies\/","title":{"rendered":"Pol\u00edtica de cookies"},"content":{"rendered":"\t\t<div data-elementor-type=\"wp-page\" data-elementor-id=\"2210\" class=\"elementor elementor-2210\" data-elementor-post-type=\"page\">\n\t\t\t\t\t\t<section class=\"elementor-section elementor-top-section elementor-element elementor-element-3192fb43 elementor-section-boxed elementor-section-height-default elementor-section-height-default\" data-id=\"3192fb43\" data-element_type=\"section\">\n\t\t\t\t\t\t<div class=\"elementor-container elementor-column-gap-default\">\n\t\t\t\t\t<div class=\"elementor-column elementor-col-100 elementor-top-column elementor-element elementor-element-13c386dd\" data-id=\"13c386dd\" data-element_type=\"column\">\n\t\t\t<div class=\"elementor-widget-wrap elementor-element-populated\">\n\t\t\t\t\t\t<div class=\"elementor-element elementor-element-2150137a elementor-widget elementor-widget-heading\" data-id=\"2150137a\" data-element_type=\"widget\" data-widget_type=\"heading.default\">\n\t\t\t\t<div class=\"elementor-widget-container\">\n\t\t\t<h2 class=\"elementor-heading-title elementor-size-default\">Pol\u00edtica de cookies<\/h2>\t\t<\/div>\n\t\t\t\t<\/div>\n\t\t\t\t<div class=\"elementor-element elementor-element-a0c5a79 elementor-widget elementor-widget-heading\" data-id=\"a0c5a79\" data-element_type=\"widget\" data-widget_type=\"heading.default\">\n\t\t\t\t<div class=\"elementor-widget-container\">\n\t\t\t<h3 class=\"elementor-heading-title elementor-size-default\">\u00bfQu\u00e9 es una cookie?<\/h3>\t\t<\/div>\n\t\t\t\t<\/div>\n\t\t\t\t<div class=\"elementor-element elementor-element-411d62ad elementor-widget elementor-widget-text-editor\" data-id=\"411d62ad\" data-element_type=\"widget\" data-widget_type=\"text-editor.default\">\n\t\t\t\t<div class=\"elementor-widget-container\">\n\t\t\t\t\t\t\t<p>Es un fichero que se descarga en su ordenador u otro dispositivo al acceder a determinadas p\u00e1ginas web que recogen informaci\u00f3n sobre su navegaci\u00f3n en dicho sitio web. En algunos casos las cookies resultan necesarias para facilitar la navegaci\u00f3n de un usuario o de su equipo, entre otras cosas y, seg\u00fan la informaci\u00f3n que contengan y de la forma en que se utilice su equipo, puede utilizarse para reconocer al usuario.<\/p>\t\t\t\t\t\t<\/div>\n\t\t\t\t<\/div>\n\t\t\t\t<div class=\"elementor-element elementor-element-62f712ad elementor-widget elementor-widget-heading\" data-id=\"62f712ad\" data-element_type=\"widget\" data-widget_type=\"heading.default\">\n\t\t\t\t<div class=\"elementor-widget-container\">\n\t\t\t<h3 class=\"elementor-heading-title elementor-size-default\">Identificaci\u00f3n de cookies utilizadas<\/h3>\t\t<\/div>\n\t\t\t\t<\/div>\n\t\t\t\t<div class=\"elementor-element elementor-element-5b08f824 elementor-widget elementor-widget-text-editor\" data-id=\"5b08f824\" data-element_type=\"widget\" data-widget_type=\"text-editor.default\">\n\t\t\t\t<div class=\"elementor-widget-container\">\n\t\t\t\t\t\t\t<p>Siguiendo las directrices establecidas por la Agencia Espa\u00f1ola de Protecci\u00f3n de Datos, las cookies empleadas en esta web se clasifican de la siguiente forma:<\/p><p><span style=\"text-decoration: underline;\">Cookies propias<\/span>: Son aquellas que se env\u00edan al equipo terminal del usuario desde un equipo o dominio gestionado por el propio editor y desde el que se presta el servicio por el usuario.<\/p><p><span style=\"text-decoration: underline;\">Cookies de tercero<\/span>: Son aquellas que se env\u00edan al equipo terminal del usuario desde un equipo o dominio que no es gestionado por el editor, sino por otra entidad que trata los datos obtenidos trav\u00e9s de las cookies.<\/p><p><span style=\"text-decoration: underline;\">Cookies de sesi\u00f3n<\/span>: Recaban y almacenan datos mientras el usuario accede a una p\u00e1gina web.<\/p><p><span style=\"text-decoration: underline;\">Cookies persistentes<\/span>: Son las que tienen un plazo de caducidad de un m\u00e1ximo de 2 a\u00f1os desde la fecha de creaci\u00f3n, lo que significa que durante ese tiempo los datos seguir\u00e1n almacenados en el terminal, pudiendo ser accedidos y tratados.<\/p><p><span style=\"text-decoration: underline;\">Cookies t\u00e9cnicas<\/span>: Permiten al usuario la navegaci\u00f3n a trav\u00e9s de una p\u00e1gina web, plataforma o aplicaci\u00f3n y la utilizaci\u00f3n de las diferentes opciones o servicios que en ella existan.<\/p><p><span style=\"text-decoration: underline;\">Cookies de personalizaci\u00f3n<\/span>: Permiten al usuario acceder al servicio con algunas caracter\u00edsticas de car\u00e1cter general predefinidas en funci\u00f3n de una serie de criterios en el terminal del usuario como, por ejemplo, el idioma, el tipo de navegador a trav\u00e9s del cual accede al servicio, la configuraci\u00f3n regional desde donde accede al servicio, etc.<\/p><p><span style=\"text-decoration: underline;\">Cookies de an\u00e1lisis<\/span>: Permiten al responsable de las mismas, el seguimiento y an\u00e1lisis del comportamiento de los usuarios de los sitios web a los que est\u00e1n vinculadas. La informaci\u00f3n recogida mediante este tipo de cookies se utiliza en la medici\u00f3n de la actividad de los sitios web, aplicaci\u00f3n o plataforma y para la elaboraci\u00f3n de perfiles de navegaci\u00f3n de los usuarios de dichos sitios, aplicaciones y plataformas, con el fin de introducir mejoras en funci\u00f3n del an\u00e1lisis de los datos de uso que hacen los usuarios del servicio.<\/p><p><span style=\"text-decoration: underline;\">Cookies publicitarias<\/span>: Permiten la gesti\u00f3n, de la forma m\u00e1s eficaz posible, de los espacios publicitarios que, en su caso, el editor haya incluido en una p\u00e1gina web, aplicaci\u00f3n o plataforma desde la que se presta el servicio solicitado en base a criterios como el contenido editado o la frecuencia en la que se muestran los anuncios.<\/p><p><span style=\"text-decoration: underline;\">Cookies de publicidad comportamental<\/span>: Permiten la gesti\u00f3n, de la forma m\u00e1s eficaz posible, de los espacios publicitarios que, en su caso, el editor haya incluido en una p\u00e1gina web, aplicaci\u00f3n o plataforma desde la que se presta el servicio solicitado. Estas cookies almacenan informaci\u00f3n del comportamiento de los usuarios obtenida a trav\u00e9s de la observaci\u00f3n continuada de sus h\u00e1bitos de navegaci\u00f3n, lo que permite desarrollar un perfil especifico para mostrar publicidad en funci\u00f3n del mismo.<\/p><p>La siguiente tabla muestra las cookies propias y de terceros de la web <span style=\"color: #ffbf3b;\"><a style=\"color: #ffbf3b;\" href=\"http:\/\/www.balaguer-rolls.com\/es\">www.balaguer-rolls.com\/es<\/a><\/span> y la finalidad para la que se utiliza cada una.<\/p>\t\t\t\t\t\t<\/div>\n\t\t\t\t<\/div>\n\t\t\t\t<div class=\"elementor-element elementor-element-714982e1 elementor-widget elementor-widget-html\" data-id=\"714982e1\" data-element_type=\"widget\" data-widget_type=\"html.default\">\n\t\t\t\t<div class=\"elementor-widget-container\">\n\t\t\t<table style=\"height: 265px;\" border=\"1\" width=\"1330\">\n<tbody>\n<tr>\n<td style=\"width: 325px;\" colspan=\"4\">\n<p style=\"text-align: center;\">&nbsp;&nbsp;<span style=\"font-size: 14pt;\">&nbsp;<strong>COOKIES DOMINIO PROPIO&nbsp;<a href=\"http:\/\/www.balaguer-rolls.com\/es\" style=\"color:#FFBF3B\">www.balaguer-rolls.com\/es<\/a>&nbsp; &nbsp;<\/strong><\/span><\/p>\n<\/td>\n<\/tr>\n<tr>\n<td style=\"width: 325px; text-align: center;\"><strong>COOKIE NOMBRE<\/strong><\/td>\n<td style=\"width: 325px; text-align: center;\"><strong>EXPIRA<\/strong><\/td>\n<td style=\"width: 326px; text-align: center;\"><b>PROP\u00d3SITO&nbsp;Y TIPO DE INFORMACI\u00d3N QUE RECOGE<\/b><\/td>\n<td style=\"width: 326px; text-align: center;\"><strong>&nbsp;FUNCIONALIDAD AFECTADA SI ES DESCONECTADA<\/strong><\/td>\n<\/tr>\n<tr>\n<td style=\"width: 325px;\">&nbsp;Fundiciones BalaguerID<\/td>\n<td style=\"width: 325px;\">&nbsp;1969-12-31T23:59:59.000Z<\/td>\n<td style=\"width: 326px;\">&nbsp;Identificador \u00fanico usado en la sesi\u00f3n de PHP<\/td>\n<td style=\"width: 326px;\">&nbsp;Utilizado por los formularios para la generaci\u00f3n de CSRF Token<\/td>\n<\/tr>\n<tr>\n<td style=\"width: 325px;\">&nbsp;cookie-advice<\/td>\n<td style=\"width: 325px;\">&nbsp;2118-06-15T10:52:35.000Z<\/td>\n<td style=\"width: 326px;\">&nbsp;Flag que indica si se ha aceptado la pol\u00edtica de cookies o no (para mostrarla u ocultarla)<\/td>\n<td style=\"width: 326px;\">&nbsp;Siempre se mostrar\u00e1 el mensaje de cookies<\/td>\n<\/tr>\n<tr>\n<td style=\"width: 325px;\">&nbsp;_ga<\/td>\n<td style=\"width: 325px;\">&nbsp;2020-07-08T10:52:31.000Z<\/td>\n<td style=\"width: 326px;\">&nbsp;Google Analytics<\/td>\n<td style=\"width: 326px;\">&nbsp;Se pierde o se ve afectada la funcionalidad de Analytics<\/td>\n<\/tr>\n<tr>\n<td style=\"width: 325px;\">&nbsp;_gat<\/td>\n<td style=\"width: 325px;\">&nbsp;2018-07-09T10:53:31.000Z<\/td>\n<td style=\"width: 326px;\">&nbsp;Google Analytics<\/td>\n<td style=\"width: 326px;\">&nbsp;&nbsp;Se pierde o se ve afectada la funcionalidad de Analytics<\/td>\n<\/tr>\n<tr>\n<td style=\"width: 325px;\">&nbsp;_gid<\/td>\n<td style=\"width: 325px;\">&nbsp;2018-07-10T10:52:31.000Z<\/td>\n<td style=\"width: 326px;\">&nbsp;Google Analytics<\/td>\n<td style=\"width: 326px;\">&nbsp;&nbsp;Se pierde o se ve afectada la funcionalidad de Analytics<\/td>\n<\/tr>\n<tr>\n<td style=\"width: 325px;\">_ym_d<\/td>\n<td style=\"width: 325px;\">2019-07-09T10:52:32.000Z<\/td>\n<td style=\"width: 326px;\">&nbsp;Unknow<\/td>\n<td style=\"width: 326px;\">&nbsp;<\/td>\n<\/tr>\n<tr>\n<td style=\"width: 325px;\">&nbsp;_ym_isad<\/td>\n<td style=\"width: 325px;\">&nbsp;2018-07-10T06:52:33.000Z<\/td>\n<td style=\"width: 326px;\">&nbsp;Unknow<\/td>\n<td style=\"width: 326px;\">&nbsp;<\/td>\n<\/tr>\n<tr>\n<td style=\"width: 325px;\">&nbsp;_ym_uid<\/td>\n<td style=\"width: 325px;\">&nbsp;2019-07-09T10:52:32:000Z<\/td>\n<td style=\"width: 326px;\">&nbsp;Unknow<\/td>\n<td style=\"width: 326px;\">&nbsp;<\/td>\n<\/tr>\n<tr>\n<td style=\"width: 325px;\">&nbsp;_ym_visorc_49418089<\/td>\n<td style=\"width: 325px;\">&nbsp;2018-07-09T11:22:33.000Z<\/td>\n<td style=\"width: 326px;\">&nbsp;Unknow<\/td>\n<td style=\"width: 326px;\">&nbsp;<\/td>\n<\/tr>\n<tr>\n<td style=\"width: 325px;\">&nbsp;_icl_current_admin_language_d41d8cd98f00b204e9800998ecf8427e<\/td>\n<td style=\"width: 325px;\">&nbsp;2018-07-10T11:08:42.15aZ<\/td>\n<td style=\"width: 326px;\">&nbsp;Identificar el idioma actual (en caso de administrador)<\/td>\n<td style=\"width: 326px;\">&nbsp;Se deber\u00e1 de calcular el idioma en cada recarga de p\u00e1gina (afecta al rendimiento)<\/td>\n<\/tr>\n<tr>\n<td style=\"width: 325px;\">&nbsp;_icl_current_lenguage<\/td>\n<td style=\"width: 325px;\">&nbsp;2018-07-10T11:10:50.152Z<\/td>\n<td style=\"width: 326px;\">&nbsp;Identificar el idioma actual<\/td>\n<td style=\"width: 326px;\">&nbsp;se deber\u00e1 de calcular el idioma en cada recarga de p\u00e1gina (afecta al rendimiento)<\/td>\n<\/tr>\n<tr>\n<td style=\"width: 325px;\">&nbsp;wordpress_test_cookie<\/td>\n<td style=\"width: 325px;\">&nbsp;1969-12-31T23:59:59.000Z<\/td>\n<td style=\"width: 326px;\">&nbsp;Cookie introducida por wordpress para ver si es posible escribir cookies&nbsp;<\/td>\n<td style=\"width: 326px;\">&nbsp;<\/td>\n<\/tr>\n<\/tbody>\n<\/table>\t\t<\/div>\n\t\t\t\t<\/div>\n\t\t\t\t<div class=\"elementor-element elementor-element-6c1da047 elementor-widget elementor-widget-html\" data-id=\"6c1da047\" data-element_type=\"widget\" data-widget_type=\"html.default\">\n\t\t\t\t<div class=\"elementor-widget-container\">\n\t\t\t<table style=\"height: 300px;\" border=\"1\" width=\"1331\">\n<tbody>\n<tr>\n<td style=\"width: 1321px;\" colspan=\"5\">\n<p style=\"text-align: center;\"><span style=\"font-size: 14pt;\"><strong>COOKIES DE TERCEROS DOMINIO&nbsp; <a style=\"color:#FFBF3B;\" href=\"http:\/\/www.balaguer-rolls.com\/es\">www.balaguer-rolls.com\/es<\/a><\/strong><\/span><\/p>\n<\/td>\n<\/tr>\n<tr>\n<td style=\"width: 172px; text-align: center;\">\n<p><span style=\"font-size: 12pt;\"><strong>NOMBRE DE LA COOKIE<\/strong><\/span><\/p>\n<\/td>\n<td style=\"width: 192px; text-align: center;\">\n<p><span style=\"font-size: 12pt;\"><strong>CADUCIDAD<\/strong><\/span><\/p>\n<\/td>\n<td style=\"width: 342px; text-align: center;\">\n<p><span style=\"font-size: 12pt;\"><strong>FINALIDAD Y TIPO DE INFORMACI\u00d3N QUE RCOGE<\/strong><\/span><\/p>\n<\/td>\n<td style=\"width: 208px; text-align: center;\">\n<p><span style=\"font-size: 12pt;\"><strong>ENTIDAD RESPONSABLE<\/strong><\/span><\/p>\n<\/td>\n<td style=\"width: 383px; text-align: center;\">\n<p><span style=\"font-size: 12pt;\"><strong>FUNCIONALIDAD AFECTADA EN CASO&nbsp; DE DESACTIVICACI\u00d3N<\/strong><\/span><\/p>\n<\/td>\n<\/tr>\n<tr>\n<td style=\"width: 172px;\">\n<p><span style=\"font-size: 12pt;\">_cfduid<\/span><\/p>\n<\/td>\n<td style=\"width: 192px;\">\n<p><span style=\"font-size: 12pt;\">2019-07-09T10:52:31.092Z<\/span><\/p>\n<\/td>\n<td style=\"width: 342px;\">\n<p>&nbsp;<\/p>\n<\/td>\n<td style=\"width: 208px;\">\n<p><span style=\"font-size: 12pt;\">.addtoany.com<\/span><\/p>\n<\/td>\n<td style=\"width: 383px;\">\n<p>&nbsp;<\/p>\n<\/td>\n<\/tr>\n<tr>\n<td style=\"width: 172px;\">\n<p><span style=\"font-size: 12pt;\">i<\/span><\/p>\n<\/td>\n<td style=\"width: 192px;\">\n<p><span style=\"font-size: 12pt;\">2019-07-09-T10:52:32.910Z<\/span><\/p>\n<\/td>\n<td style=\"width: 342px;\">\n<p>&nbsp;<\/p>\n<\/td>\n<td style=\"width: 208px;\">\n<p><span style=\"font-size: 12pt;\">.yandex.ru<\/span><\/p>\n<\/td>\n<td style=\"width: 383px;\">\n<p>&nbsp;<\/p>\n<\/td>\n<\/tr>\n<tr>\n<td style=\"width: 172px;\">\n<p><span style=\"font-size: 12pt;\">yabs-sid<\/span><\/p>\n<\/td>\n<td style=\"width: 192px;\">\n<p><span style=\"font-size: 12pt;\">1969-12-31T23:59:59.000Z<\/span><\/p>\n<\/td>\n<td style=\"width: 342px;\">\n<p>&nbsp;<\/p>\n<\/td>\n<td style=\"width: 208px;\">\n<p><span style=\"font-size: 12pt;\">mc.yandex.ru<\/span><\/p>\n<\/td>\n<td style=\"width: 383px;\">\n<p>&nbsp;<\/p>\n<\/td>\n<\/tr>\n<tr>\n<td style=\"width: 172px;\">\n<p><span style=\"font-size: 12pt;\">yandexuid<\/span><\/p>\n<\/td>\n<td style=\"width: 192px;\">\n<p><span style=\"font-size: 12pt;\">2019-07-09T10:52:32.910Z<\/span><\/p>\n<\/td>\n<td style=\"width: 342px;\">\n<p>&nbsp;<\/p>\n<\/td>\n<td style=\"width: 208px;\">\n<p><span style=\"font-size: 12pt;\">.yandex.ru<\/span><\/p>\n<\/td>\n<td style=\"width: 383px;\">\n<p>&nbsp;<\/p>\n<\/td>\n<\/tr>\n<tr>\n<td style=\"width: 172px;\">\n<p><span style=\"font-size: 12pt;\">fuid01<\/span><\/p>\n<\/td>\n<td style=\"width: 192px;\">\n<p><span style=\"font-size: 12pt;\">2028-02-07T11:03:34.611Z<\/span><\/p>\n<\/td>\n<td style=\"width: 342px;\">\n<p>&nbsp;<\/p>\n<\/td>\n<td style=\"width: 208px;\">\n<p><span style=\"font-size: 12pt;\">.yandex.ru<\/span><\/p>\n<\/td>\n<td style=\"width: 383px;\">\n<p>&nbsp;<\/p>\n<\/td>\n<\/tr>\n<tr>\n<td style=\"width: 172px;\">\n<p><span style=\"font-size: 12pt;\">yp<\/span><\/p>\n<\/td>\n<td style=\"width: 192px;\">\n<p><span style=\"font-size: 12pt;\">2028-07-06T10:52:32.910Z<\/span><\/p>\n<\/td>\n<td style=\"width: 342px;\">\n<p>&nbsp;<\/p>\n<\/td>\n<td style=\"width: 208px;\">\n<p><span style=\"font-size: 12pt;\">.yandex.ru<\/span><\/p>\n<\/td>\n<td style=\"width: 383px;\">\n<p>&nbsp;<\/p>\n<\/td>\n<\/tr>\n<tr>\n<td style=\"width: 172px;\">\n<p><span style=\"font-size: 12pt;\">NID<\/span><\/p>\n<\/td>\n<td style=\"width: 192px;\">\n<p><span style=\"font-size: 12pt;\">2019-01-08T11:04:19.030Z<\/span><\/p>\n<\/td>\n<td style=\"width: 342px;\">\n<p><span style=\"font-size: 12pt;\">Google recaptcha<\/span><\/p>\n<\/td>\n<td style=\"width: 208px;\">\n<p><span style=\"font-size: 12pt;\">.google.com<\/span><\/p>\n<\/td>\n<td style=\"width: 383px;\">\n<p><span style=\"font-size: 12pt;\">Dejar\u00eda de funcionar el captcha de Google y con ello los formularios que lo incluyan<\/span><\/p>\n<\/td>\n<\/tr>\n<\/tbody>\n<\/table>\t\t<\/div>\n\t\t\t\t<\/div>\n\t\t\t\t<div class=\"elementor-element elementor-element-e4b5dc4 elementor-widget elementor-widget-text-editor\" data-id=\"e4b5dc4\" data-element_type=\"widget\" data-widget_type=\"text-editor.default\">\n\t\t\t\t<div class=\"elementor-widget-container\">\n\t\t\t\t\t\t\t<p>Las cookies asociadas a Google Analytics, permiten hacer un seguimiento de la P\u00e1gina mediante las herramientas de los servicios proporcionados por Google para obtener informaci\u00f3n de los accesos de los usuarios a los sitios web de Google, Inc., una compa\u00f1\u00eda de Delaware cuya oficina principal est\u00e1 en 1600 Amphitheatre Parkay, Montain View (California), CA 94043, Estados Unidos. Algunos de los datos almacenados para posteriores an\u00e1lisis son: el n\u00famero de veces que el usuario ha visitado el sitio web, fechas de la primera y la \u00faltima visita del usuario, duraci\u00f3n de las visitas, p\u00e1gina desde la que el usuario ha accedido al sitio web, el motor de b\u00fasqueda que el usuario ha usado para llegar al sitio web o v\u00ednculo que ha seleccionado, lugar del mundo desde el que se acede al usuario, etc. La configuraci\u00f3n de estas cookies est\u00e1 predeterminada por el servicio que ofrece Google, motivo por el cual le sugerimos que consulte la p\u00e1gina de privacidad de Google Analytics, <span style=\"color: #ffbf3b;\"><a style=\"color: #ffbf3b;\" href=\"https:\/\/www.google.com\/analytics\/learn\/privacy.html?hl=es\" rel=\"nofollow noopener\">https:\/\/www.google.com\/analytics\/learn\/privacy.html?hl=es<\/a><\/span> para obtener m\u00e1s informaci\u00f3n sobre las cookies que usa y c\u00f3mo deshabilitarlas (entendi\u00e9ndose que no somos responsables del contenido o la veracidad de los sitios web de terceros).<\/p>\t\t\t\t\t\t<\/div>\n\t\t\t\t<\/div>\n\t\t\t\t<div class=\"elementor-element elementor-element-2e4a76d3 elementor-widget elementor-widget-heading\" data-id=\"2e4a76d3\" data-element_type=\"widget\" data-widget_type=\"heading.default\">\n\t\t\t\t<div class=\"elementor-widget-container\">\n\t\t\t<h3 class=\"elementor-heading-title elementor-size-default\">Desactivaci\u00f3n de cookies<\/h3>\t\t<\/div>\n\t\t\t\t<\/div>\n\t\t\t\t<div class=\"elementor-element elementor-element-3585966 elementor-widget elementor-widget-text-editor\" data-id=\"3585966\" data-element_type=\"widget\" data-widget_type=\"text-editor.default\">\n\t\t\t\t<div class=\"elementor-widget-container\">\n\t\t\t\t\t\t\t<p>Puede usted permitir, bloquear o eliminar las cookies instaladas en su equipo mediante la configuraci\u00f3n de las opciones del navegador instalado en su ordenador. Por favor, lea atentamente la secci\u00f3n de ayuda de su navegador para conocer m\u00e1s acerca de c\u00f3mo activar el modo \u201cmodo privado\u201d o desbloquear determinadas cookies.<\/p><p><span style=\"text-decoration: underline;\">Internet Explorer<\/span>:<br \/>Puede consultar el soporte de Mozilla o la Ayuda del navegador.<\/p><p><span style=\"text-decoration: underline;\">Firefox<\/span>:<br \/>Puede consultar el soporte de Mozilla o la Ayuda del navegador.<\/p><p><span style=\"text-decoration: underline;\">Chrome<\/span>:<br \/>Puede conultar el soporte de Google o la Ayuda del navegador.<\/p><p><span style=\"text-decoration: underline;\">Safari<\/span>:<br \/>Puede consultar el soporte de Apple o la Ayuda del navegador.<\/p><p><a href=\"http:\/\/www.balaguer-rolls.com\/es\"><span style=\"color: #4f4f4f;\"><span style=\"color: #ffbf3b;\">www.balaguer-rolls.com\/es<\/span><\/span><\/a> desea poner de manifiesto que la variaci\u00f3n de las cookies que aparezcan en esta web puede no estar relacionada con la gesti\u00f3n y el mantenimiento de la misma, por lo que se lleva a cabo revisiones peri\u00f3dicas para adecuar su pol\u00edtica de cookies.<\/p><p><span style=\"color: #ffbf3b;\"><a style=\"color: #ffbf3b;\" href=\"http:\/\/www.balaguer-rolls.com\/es\">www.balaguer-rolls.com\/es<\/a><\/span> no asume ninguna responsabilidad por problemas legales o t\u00e9cnicos causados por el incumplimiento por parte del Usuario de las recomendaciones incluidas. Esta comunicaci\u00f3n se realiza para el conocimiento y uso de los usuarios, por consiguiente, no debe utilizarse para ninguna otra finalidad.<\/p><p><a style=\"font-family: var( --e-global-typography-text-font-family ), Sans-serif; font-weight: var( --e-global-typography-text-font-weight ); background-color: #ffffff; font-size: 1rem;\" href=\"http:\/\/www.balaguer-rolls.com\/es\" target=\"_blank\" rel=\"noopener\"><span style=\"color: #4f4f4f;\"><span style=\"color: #ffbf3b;\">www.balaguer-rolls.com\/es<\/span><\/span><\/a>\u00a0no se hace responsable del contenido y veracidad de las pol\u00edticas de privacidad de los terceros incluidas en esta pol\u00edtica de cookies.<\/p><p>Si tiene dudas sobre esta pol\u00edtica de los cookies, puede contactar con nosotros en <span style=\"color: #ffbf3b;\"><a style=\"color: #ffbf3b;\" href=\"http:\/\/www.balaguer-rolls.com\/es\">www.balaguer-rolls.com\/es<\/a><\/span><\/p>\t\t\t\t\t\t<\/div>\n\t\t\t\t<\/div>\n\t\t\t\t<div class=\"elementor-element elementor-element-3bf8d3de elementor-widget elementor-widget-heading\" data-id=\"3bf8d3de\" data-element_type=\"widget\" data-widget_type=\"heading.default\">\n\t\t\t\t<div class=\"elementor-widget-container\">\n\t\t\t<h3 class=\"elementor-heading-title elementor-size-default\">Actualizaciones y cambios en la Pol\u00edtica de Cookies<\/h3>\t\t<\/div>\n\t\t\t\t<\/div>\n\t\t\t\t<div class=\"elementor-element elementor-element-3fde82b elementor-widget elementor-widget-text-editor\" data-id=\"3fde82b\" data-element_type=\"widget\" data-widget_type=\"text-editor.default\">\n\t\t\t\t<div class=\"elementor-widget-container\">\n\t\t\t\t\t\t\t<p><span style=\"color: #4f4f4f;\"><a style=\"color: #4f4f4f;\" href=\"http:\/\/www.balaguer-rolls.com\/es\"><span style=\"color: #ffbf3b;\">www.balaguer-rolls.com\/es<\/span><\/a><\/span> podr\u00e1 modificar esta Pol\u00edtica de Cookies en funci\u00f3n de exigencias legislativas, reglamentarias, o la finalidad de adaptar dicha pol\u00edtica a las instrucciones dictadas por la Agencia Espa\u00f1ola de Protecci\u00f3n de Datos, por ello se aconseja a los Usuarios que se visten peri\u00f3dicamente.<\/p>\t\t\t\t\t\t<\/div>\n\t\t\t\t<\/div>\n\t\t\t\t<div class=\"elementor-element elementor-element-424a3a84 elementor-widget elementor-widget-heading\" data-id=\"424a3a84\" data-element_type=\"widget\" data-widget_type=\"heading.default\">\n\t\t\t\t<div class=\"elementor-widget-container\">\n\t\t\t<h3 class=\"elementor-heading-title elementor-size-default\">\u00daltima actualizaci\u00f3n: 23 de Mayo  de 2018.<\/h3>\t\t<\/div>\n\t\t\t\t<\/div>\n\t\t\t\t\t<\/div>\n\t\t<\/div>\n\t\t\t\t\t<\/div>\n\t\t<\/section>\n\t\t\t\t<\/div>\n\t\t","protected":false},"excerpt":{"rendered":"<p>Pol\u00edtica de cookies \u00bfQu\u00e9 es una cookie? Es un fichero que se descarga en su ordenador u otro dispositivo al acceder a determinadas p\u00e1ginas web que recogen informaci\u00f3n sobre su navegaci\u00f3n en dicho sitio web. En algunos casos las cookies resultan necesarias para facilitar la navegaci\u00f3n de un usuario o de su equipo, entre otras [&hellip;]<\/p>\n","protected":false},"author":1,"featured_media":0,"parent":0,"menu_order":0,"comment_status":"closed","ping_status":"closed","template":"","meta":{"rank_math_lock_modified_date":false,"_monsterinsights_skip_tracking":false,"_monsterinsights_sitenote_active":false,"_monsterinsights_sitenote_note":"","_monsterinsights_sitenote_category":0,"footnotes":""},"class_list":["post-2210","page","type-page","status-publish","hentry"],"_links":{"self":[{"href":"https:\/\/www.balaguer-rolls.com\/es\/wp-json\/wp\/v2\/pages\/2210"}],"collection":[{"href":"https:\/\/www.balaguer-rolls.com\/es\/wp-json\/wp\/v2\/pages"}],"about":[{"href":"https:\/\/www.balaguer-rolls.com\/es\/wp-json\/wp\/v2\/types\/page"}],"author":[{"embeddable":true,"href":"https:\/\/www.balaguer-rolls.com\/es\/wp-json\/wp\/v2\/users\/1"}],"replies":[{"embeddable":true,"href":"https:\/\/www.balaguer-rolls.com\/es\/wp-json\/wp\/v2\/comments?post=2210"}],"version-history":[{"count":5,"href":"https:\/\/www.balaguer-rolls.com\/es\/wp-json\/wp\/v2\/pages\/2210\/revisions"}],"predecessor-version":[{"id":3587,"href":"https:\/\/www.balaguer-rolls.com\/es\/wp-json\/wp\/v2\/pages\/2210\/revisions\/3587"}],"wp:attachment":[{"href":"https:\/\/www.balaguer-rolls.com\/es\/wp-json\/wp\/v2\/media?parent=2210"}],"curies":[{"name":"wp","href":"https:\/\/api.w.org\/{rel}","templated":true}]}}