{"id":2214,"date":"2023-01-05T16:00:28","date_gmt":"2023-01-05T16:00:28","guid":{"rendered":"https:\/\/balaguer.realizando.es\/?page_id=2214"},"modified":"2023-01-17T10:15:48","modified_gmt":"2023-01-17T10:15:48","slug":"politica-de-calidad","status":"publish","type":"page","link":"https:\/\/www.balaguer-rolls.com\/es\/politica-de-calidad\/","title":{"rendered":"Pol\u00edtica de calidad"},"content":{"rendered":"\t\t<div data-elementor-type=\"wp-page\" data-elementor-id=\"2214\" class=\"elementor elementor-2214\" data-elementor-post-type=\"page\">\n\t\t\t\t\t\t<section class=\"elementor-section elementor-top-section elementor-element elementor-element-2ed63283 elementor-section-boxed elementor-section-height-default elementor-section-height-default\" data-id=\"2ed63283\" data-element_type=\"section\">\n\t\t\t\t\t\t<div class=\"elementor-container elementor-column-gap-default\">\n\t\t\t\t\t<div class=\"elementor-column elementor-col-100 elementor-top-column elementor-element elementor-element-3dec4c93\" data-id=\"3dec4c93\" data-element_type=\"column\">\n\t\t\t<div class=\"elementor-widget-wrap elementor-element-populated\">\n\t\t\t\t\t\t<div class=\"elementor-element elementor-element-1d11c4fc elementor-widget elementor-widget-heading\" data-id=\"1d11c4fc\" data-element_type=\"widget\" data-widget_type=\"heading.default\">\n\t\t\t\t<div class=\"elementor-widget-container\">\n\t\t\t<h2 class=\"elementor-heading-title elementor-size-default\">Pol\u00edtica de calidad<\/h2>\t\t<\/div>\n\t\t\t\t<\/div>\n\t\t\t\t<div class=\"elementor-element elementor-element-188ef509 elementor-widget elementor-widget-heading\" data-id=\"188ef509\" data-element_type=\"widget\" data-widget_type=\"heading.default\">\n\t\t\t\t<div class=\"elementor-widget-container\">\n\t\t\t<h3 class=\"elementor-heading-title elementor-size-default\">La gerencia de Fundiciones Balaguer S.A comunica p\u00fablicamente su compromiso  en materia de calidad<\/h3>\t\t<\/div>\n\t\t\t\t<\/div>\n\t\t\t\t<div class=\"elementor-element elementor-element-d3fbf8c elementor-widget elementor-widget-text-editor\" data-id=\"d3fbf8c\" data-element_type=\"widget\" data-widget_type=\"text-editor.default\">\n\t\t\t\t<div class=\"elementor-widget-container\">\n\t\t\t\t\t\t\t<p>\u201cLa pol\u00edtica de calidad definida por Fundiciones Balaguer S.A. est\u00e1 enfocada a la consecuci\u00f3n del objetivo principal, que es satisfacer las expectativas y necesidades de sus clientes, garantizando a los mismos que los productos adquiridos cumplen con los est\u00e1ndares de seguridad, composici\u00f3n y durabilidad esperados, e involucrando para esto a todo el personal de la empresa.<\/p><p>Fundiciones Balaguer S.A. garantiza la consecuci\u00f3n de estos est\u00e1ndares debido al control de calidad al que se someten sus productos en todos los procesos de producci\u00f3n, utilizando para ello los instrumentos de medici\u00f3n m\u00e1s avanzados del mercado\u201d.<\/p>\t\t\t\t\t\t<\/div>\n\t\t\t\t<\/div>\n\t\t\t\t<div class=\"elementor-element elementor-element-59b4ccd3 elementor-widget elementor-widget-heading\" data-id=\"59b4ccd3\" data-element_type=\"widget\" data-widget_type=\"heading.default\">\n\t\t\t\t<div class=\"elementor-widget-container\">\n\t\t\t<h3 class=\"elementor-heading-title elementor-size-default\">Productos<\/h3>\t\t<\/div>\n\t\t\t\t<\/div>\n\t\t\t\t<div class=\"elementor-element elementor-element-68c99809 elementor-widget elementor-widget-text-editor\" data-id=\"68c99809\" data-element_type=\"widget\" data-widget_type=\"text-editor.default\">\n\t\t\t\t<div class=\"elementor-widget-container\">\n\t\t\t\t\t\t\t<p>Nuestro objetivo es proveer la m\u00e1xima calidad a todos los clientes del mundo garantizando la durabilidad de nuestros productos y los plazos de entrega acordados con el cliente. Fundiciones Balaguer S.A. se compromete en todo momento al cumplimiento de las necesidades y requerimientos del cliente.<\/p>\t\t\t\t\t\t<\/div>\n\t\t\t\t<\/div>\n\t\t\t\t<div class=\"elementor-element elementor-element-6c39dec3 elementor-widget elementor-widget-heading\" data-id=\"6c39dec3\" data-element_type=\"widget\" data-widget_type=\"heading.default\">\n\t\t\t\t<div class=\"elementor-widget-container\">\n\t\t\t<h3 class=\"elementor-heading-title elementor-size-default\">Est\u00e1ndares de calidad globales<\/h3>\t\t<\/div>\n\t\t\t\t<\/div>\n\t\t\t\t<div class=\"elementor-element elementor-element-6303b581 elementor-widget elementor-widget-text-editor\" data-id=\"6303b581\" data-element_type=\"widget\" data-widget_type=\"text-editor.default\">\n\t\t\t\t<div class=\"elementor-widget-container\">\n\t\t\t\t\t\t\t<p>Fundiciones Balaguer S.A. se compromete a la mejora continua de la calidad del producto, de los procesos y del sistema de calidad. Ya que todos los productos de Fundiciones Balaguer S.A. est\u00e1n dise\u00f1ados y manufacturados en nuestras propias instalaciones, los procesos de producci\u00f3n y calidad son compartidos para todos ellos.<\/p>\t\t\t\t\t\t<\/div>\n\t\t\t\t<\/div>\n\t\t\t\t<div class=\"elementor-element elementor-element-5e8a894b elementor-widget elementor-widget-heading\" data-id=\"5e8a894b\" data-element_type=\"widget\" data-widget_type=\"heading.default\">\n\t\t\t\t<div class=\"elementor-widget-container\">\n\t\t\t<h3 class=\"elementor-heading-title elementor-size-default\">Comunicaci\u00f3n con el cliente<\/h3>\t\t<\/div>\n\t\t\t\t<\/div>\n\t\t\t\t<div class=\"elementor-element elementor-element-161c4398 elementor-widget elementor-widget-text-editor\" data-id=\"161c4398\" data-element_type=\"widget\" data-widget_type=\"text-editor.default\">\n\t\t\t\t<div class=\"elementor-widget-container\">\n\t\t\t\t\t\t\t<p>Fundiciones Balaguer S.A. se compromete a fomentar la comunicaci\u00f3n con el cliente, prestando especial atenci\u00f3n al feedback proporcionado por los mismos en relaci\u00f3n a la calidad de nuestros productos y utilizando dicha comunicacion para mejorar la calidad y el servicio.<\/p><p>La empresa se compromete a mejorar la satisfacci\u00f3n del cliente mediante la utilizaci\u00f3n de dicho feedback.<\/p>\t\t\t\t\t\t<\/div>\n\t\t\t\t<\/div>\n\t\t\t\t<div class=\"elementor-element elementor-element-4ed5b3d5 elementor-widget elementor-widget-heading\" data-id=\"4ed5b3d5\" data-element_type=\"widget\" data-widget_type=\"heading.default\">\n\t\t\t\t<div class=\"elementor-widget-container\">\n\t\t\t<h3 class=\"elementor-heading-title elementor-size-default\">Nuestro proceso de producci\u00f3n<\/h3>\t\t<\/div>\n\t\t\t\t<\/div>\n\t\t\t\t<div class=\"elementor-element elementor-element-267e4c64 elementor-widget elementor-widget-text-editor\" data-id=\"267e4c64\" data-element_type=\"widget\" data-widget_type=\"text-editor.default\">\n\t\t\t\t<div class=\"elementor-widget-container\">\n\t\t\t\t\t\t\t<p>Desde la compa\u00f1\u00eda nos comprometemos a, junto con la utilizaci\u00f3n del feedback facilitado por los clientes y la aplicaci\u00f3n de la normativa existente, garantizar la excelencia de nuestros productos. Al mismo tiempo desarrollaremos constantes mejoras en el control de calidad de las materias primas, el proceso de fundici\u00f3n, mecanizado y embalado de nuestros productos.<\/p>\t\t\t\t\t\t<\/div>\n\t\t\t\t<\/div>\n\t\t\t\t<div class=\"elementor-element elementor-element-60ea85e1 elementor-widget elementor-widget-heading\" data-id=\"60ea85e1\" data-element_type=\"widget\" data-widget_type=\"heading.default\">\n\t\t\t\t<div class=\"elementor-widget-container\">\n\t\t\t<h3 class=\"elementor-heading-title elementor-size-default\">Materias primas<\/h3>\t\t<\/div>\n\t\t\t\t<\/div>\n\t\t\t\t<div class=\"elementor-element elementor-element-76d04f6f elementor-widget elementor-widget-text-editor\" data-id=\"76d04f6f\" data-element_type=\"widget\" data-widget_type=\"text-editor.default\">\n\t\t\t\t<div class=\"elementor-widget-container\">\n\t\t\t\t\t\t\t<p>En nuestra misi\u00f3n de ofrecer \u00fanicamente productos de la m\u00e1s alta calidad, la empresa se compromete a llevar a cabo estrictos controles a todas las materias primas utilizadas en el proceso de producci\u00f3n, asegur\u00e1ndonos mediante un doble proceso de comprobaci\u00f3n que las materias utilizadas garantizaran la consecuci\u00f3n de los objetivos marcados tanto por el cliente como por las propias directrices internas de calidad marcadas por Fundiciones Balaguer S.A.<\/p>\t\t\t\t\t\t<\/div>\n\t\t\t\t<\/div>\n\t\t\t\t<div class=\"elementor-element elementor-element-1fa31a1f elementor-widget elementor-widget-heading\" data-id=\"1fa31a1f\" data-element_type=\"widget\" data-widget_type=\"heading.default\">\n\t\t\t\t<div class=\"elementor-widget-container\">\n\t\t\t<h3 class=\"elementor-heading-title elementor-size-default\">Control de calidad<\/h3>\t\t<\/div>\n\t\t\t\t<\/div>\n\t\t\t\t<div class=\"elementor-element elementor-element-1ddedeb elementor-widget elementor-widget-text-editor\" data-id=\"1ddedeb\" data-element_type=\"widget\" data-widget_type=\"text-editor.default\">\n\t\t\t\t<div class=\"elementor-widget-container\">\n\t\t\t\t\t\t\t<p>Fundiciones Balaguer S.A. se compromete a comprobar los productos en cada estadio del proceso de producci\u00f3n para asegurar que el producto final cumple con las especificaciones del cliente.<\/p><p>La empresa garantiza que los instrumentos de medici\u00f3n utilizados en los controles de cada proceso de producci\u00f3n son revisados peri\u00f3dicamente para garantizar la fiabilidad de los mismos.<\/p><p>En la firme decisi\u00f3n de la empresa de ofrecer a los clientes \u00fanicamente la m\u00e1s alta calidad y alcanzar los requisitos t\u00e9cnicos esperados, el departamento de I+D de Fundiciones Balaguer S.A. constantemente introduce mejoras en los sistemas de medici\u00f3n desarrollando en caso de ser necesario instrumentos m\u00e1s avanzados que los encontrados en el mercado actualmente.<\/p>\t\t\t\t\t\t<\/div>\n\t\t\t\t<\/div>\n\t\t\t\t<div class=\"elementor-element elementor-element-2fe9bde7 elementor-widget elementor-widget-heading\" data-id=\"2fe9bde7\" data-element_type=\"widget\" data-widget_type=\"heading.default\">\n\t\t\t\t<div class=\"elementor-widget-container\">\n\t\t\t<h3 class=\"elementor-heading-title elementor-size-default\">Nuestras instalaciones<\/h3>\t\t<\/div>\n\t\t\t\t<\/div>\n\t\t\t\t<div class=\"elementor-element elementor-element-268d33f5 elementor-widget elementor-widget-text-editor\" data-id=\"268d33f5\" data-element_type=\"widget\" data-widget_type=\"text-editor.default\">\n\t\t\t\t<div class=\"elementor-widget-container\">\n\t\t\t\t\t\t\t<p>Ya que todos los productos de Fundiciones Balaguer S.A. est\u00e1n dise\u00f1ados y manufacturados en nuestras propias instalaciones, los procesos de producci\u00f3n y calidad son compartidos para todos ellos. Esto nos permite garantizar en todo momento que el producto final cumple con las especificaciones del cliente, y la calidad y seguridad del producto nunca se ve comprometida.<\/p>\t\t\t\t\t\t<\/div>\n\t\t\t\t<\/div>\n\t\t\t\t<div class=\"elementor-element elementor-element-24ab8abe elementor-widget elementor-widget-heading\" data-id=\"24ab8abe\" data-element_type=\"widget\" data-widget_type=\"heading.default\">\n\t\t\t\t<div class=\"elementor-widget-container\">\n\t\t\t<h3 class=\"elementor-heading-title elementor-size-default\">Controles peri\u00f3dicos<\/h3>\t\t<\/div>\n\t\t\t\t<\/div>\n\t\t\t\t<div class=\"elementor-element elementor-element-75423f12 elementor-widget elementor-widget-text-editor\" data-id=\"75423f12\" data-element_type=\"widget\" data-widget_type=\"text-editor.default\">\n\t\t\t\t<div class=\"elementor-widget-container\">\n\t\t\t\t\t\t\t<p>Fundiciones Balaguer S.A. garantiza que sus instalaciones, equipo y sistemas de mecanizado son revisados constantemente.<\/p>\t\t\t\t\t\t<\/div>\n\t\t\t\t<\/div>\n\t\t\t\t<div class=\"elementor-element elementor-element-1d8e5e18 elementor-widget elementor-widget-heading\" data-id=\"1d8e5e18\" data-element_type=\"widget\" data-widget_type=\"heading.default\">\n\t\t\t\t<div class=\"elementor-widget-container\">\n\t\t\t<h3 class=\"elementor-heading-title elementor-size-default\">Cambios de control<\/h3>\t\t<\/div>\n\t\t\t\t<\/div>\n\t\t\t\t<div class=\"elementor-element elementor-element-ebe341e elementor-widget elementor-widget-text-editor\" data-id=\"ebe341e\" data-element_type=\"widget\" data-widget_type=\"text-editor.default\">\n\t\t\t\t<div class=\"elementor-widget-container\">\n\t\t\t\t\t\t\tLa empresa garantiza que documentar\u00e1 y comunicar\u00e1 todos los cambios en materia de equipo, materias primas, composiciones y procesos para asegurar que la calidad de los productos  no se vea nunca comprometida. Los cambios descritos pueden llevarse a cabo como resultado del cambio de las necesidades del cliente, regulaciones de la industria o mejoras en los procesos de producci\u00f3n y entrega.\t\t\t\t\t\t<\/div>\n\t\t\t\t<\/div>\n\t\t\t\t<div class=\"elementor-element elementor-element-1f95881f elementor-widget elementor-widget-heading\" data-id=\"1f95881f\" data-element_type=\"widget\" data-widget_type=\"heading.default\">\n\t\t\t\t<div class=\"elementor-widget-container\">\n\t\t\t<h3 class=\"elementor-heading-title elementor-size-default\">Nuestro equipo<\/h3>\t\t<\/div>\n\t\t\t\t<\/div>\n\t\t\t\t<div class=\"elementor-element elementor-element-4c721373 elementor-widget elementor-widget-text-editor\" data-id=\"4c721373\" data-element_type=\"widget\" data-widget_type=\"text-editor.default\">\n\t\t\t\t<div class=\"elementor-widget-container\">\n\t\t\t\t\t\t\t<p>Todo el personal de Fundiciones Balaguer S.A. est\u00e1 involucrado en la misi\u00f3n de la compa\u00f1\u00eda de ofrecer a nuestros clientes la mejor calidad, siendo una pieza clave en todo el proceso de producci\u00f3n de los productos.<\/p>\t\t\t\t\t\t<\/div>\n\t\t\t\t<\/div>\n\t\t\t\t<div class=\"elementor-element elementor-element-32a427e3 elementor-widget elementor-widget-heading\" data-id=\"32a427e3\" data-element_type=\"widget\" data-widget_type=\"heading.default\">\n\t\t\t\t<div class=\"elementor-widget-container\">\n\t\t\t<h3 class=\"elementor-heading-title elementor-size-default\">Correcta formaci\u00f3n<\/h3>\t\t<\/div>\n\t\t\t\t<\/div>\n\t\t\t\t<div class=\"elementor-element elementor-element-6f41fb07 elementor-widget elementor-widget-text-editor\" data-id=\"6f41fb07\" data-element_type=\"widget\" data-widget_type=\"text-editor.default\">\n\t\t\t\t<div class=\"elementor-widget-container\">\n\t\t\t\t\t\t\t<p>Fundiciones Balaguer S.A. se compromete a ofrecer a todos sus empleados la formaci\u00f3n adecuada a cada puesto de trabajo, garantizando que todos los integrantes del equipo de Fundiciones Balaguer S.A. desarrollan su trabajo en la condiciones de seguridad y calidad adecuados.<\/p><main id=\"main\" class=\"main-wrapper\" role=\"main\"><div class=\"wrapper container\"><div class=\"row\"><div class=\"col-md-12\"><p>En Onil, 21 de Julio de 2018<\/p><\/div><\/div><\/div><\/main>\t\t\t\t\t\t<\/div>\n\t\t\t\t<\/div>\n\t\t\t\t\t<\/div>\n\t\t<\/div>\n\t\t\t\t\t<\/div>\n\t\t<\/section>\n\t\t\t\t<\/div>\n\t\t","protected":false},"excerpt":{"rendered":"<p>Pol\u00edtica de calidad La gerencia de Fundiciones Balaguer S.A comunica p\u00fablicamente su compromiso en materia de calidad \u201cLa pol\u00edtica de calidad definida por Fundiciones Balaguer S.A. est\u00e1 enfocada a la consecuci\u00f3n del objetivo principal, que es satisfacer las expectativas y necesidades de sus clientes, garantizando a los mismos que los productos adquiridos cumplen con los [&hellip;]<\/p>\n","protected":false},"author":1,"featured_media":0,"parent":0,"menu_order":0,"comment_status":"closed","ping_status":"closed","template":"","meta":{"rank_math_lock_modified_date":false,"_monsterinsights_skip_tracking":false,"_monsterinsights_sitenote_active":false,"_monsterinsights_sitenote_note":"","_monsterinsights_sitenote_category":0,"footnotes":""},"class_list":["post-2214","page","type-page","status-publish","hentry"],"_links":{"self":[{"href":"https:\/\/www.balaguer-rolls.com\/es\/wp-json\/wp\/v2\/pages\/2214"}],"collection":[{"href":"https:\/\/www.balaguer-rolls.com\/es\/wp-json\/wp\/v2\/pages"}],"about":[{"href":"https:\/\/www.balaguer-rolls.com\/es\/wp-json\/wp\/v2\/types\/page"}],"author":[{"embeddable":true,"href":"https:\/\/www.balaguer-rolls.com\/es\/wp-json\/wp\/v2\/users\/1"}],"replies":[{"embeddable":true,"href":"https:\/\/www.balaguer-rolls.com\/es\/wp-json\/wp\/v2\/comments?post=2214"}],"version-history":[{"count":5,"href":"https:\/\/www.balaguer-rolls.com\/es\/wp-json\/wp\/v2\/pages\/2214\/revisions"}],"predecessor-version":[{"id":3586,"href":"https:\/\/www.balaguer-rolls.com\/es\/wp-json\/wp\/v2\/pages\/2214\/revisions\/3586"}],"wp:attachment":[{"href":"https:\/\/www.balaguer-rolls.com\/es\/wp-json\/wp\/v2\/media?parent=2214"}],"curies":[{"name":"wp","href":"https:\/\/api.w.org\/{rel}","templated":true}]}}