{"id":2218,"date":"2023-01-05T16:01:37","date_gmt":"2023-01-05T16:01:37","guid":{"rendered":"https:\/\/balaguer.realizando.es\/?page_id=2218"},"modified":"2023-05-30T06:55:01","modified_gmt":"2023-05-30T06:55:01","slug":"proteccion-de-datos","status":"publish","type":"page","link":"https:\/\/www.balaguer-rolls.com\/es\/proteccion-de-datos\/","title":{"rendered":"Protecci\u00f3n de datos"},"content":{"rendered":"\t\t<div data-elementor-type=\"wp-page\" data-elementor-id=\"2218\" class=\"elementor elementor-2218\" data-elementor-post-type=\"page\">\n\t\t\t\t\t\t<section class=\"elementor-section elementor-top-section elementor-element elementor-element-48c94cfe elementor-section-boxed elementor-section-height-default elementor-section-height-default\" data-id=\"48c94cfe\" data-element_type=\"section\">\n\t\t\t\t\t\t<div class=\"elementor-container elementor-column-gap-default\">\n\t\t\t\t\t<div class=\"elementor-column elementor-col-100 elementor-top-column elementor-element elementor-element-78fc16b3\" data-id=\"78fc16b3\" data-element_type=\"column\">\n\t\t\t<div class=\"elementor-widget-wrap elementor-element-populated\">\n\t\t\t\t\t\t<div class=\"elementor-element elementor-element-48ad3a21 elementor-widget elementor-widget-heading\" data-id=\"48ad3a21\" data-element_type=\"widget\" data-widget_type=\"heading.default\">\n\t\t\t\t<div class=\"elementor-widget-container\">\n\t\t\t<h2 class=\"elementor-heading-title elementor-size-default\">Protecci\u00f3n de datos<\/h2>\t\t<\/div>\n\t\t\t\t<\/div>\n\t\t\t\t<div class=\"elementor-element elementor-element-25b9e0f5 elementor-widget elementor-widget-heading\" data-id=\"25b9e0f5\" data-element_type=\"widget\" data-widget_type=\"heading.default\">\n\t\t\t\t<div class=\"elementor-widget-container\">\n\t\t\t<h3 class=\"elementor-heading-title elementor-size-default\">Pol\u00edtica de privacidad de datos<\/h3>\t\t<\/div>\n\t\t\t\t<\/div>\n\t\t\t\t<div class=\"elementor-element elementor-element-795b7461 elementor-widget elementor-widget-text-editor\" data-id=\"795b7461\" data-element_type=\"widget\" data-widget_type=\"text-editor.default\">\n\t\t\t\t<div class=\"elementor-widget-container\">\n\t\t\t\t\t\t\t<p>Fundiciones Balaguer, S.A. (en adelante, Fundiciones Balaguer) en cumplimiento de la normativa de protecci\u00f3n de datos de car\u00e1cter personal, pone en conocimiento de los usuarios de la P\u00e1gina web de su titularidad <span style=\"color: #4f4f4f;\"><a style=\"color: #4f4f4f;\" href=\"http:\/\/www.balaguer-rolls.com\">www.balaguer-rolls.com<\/a><\/span> (en adelante, la P\u00e1gina) la Pol\u00edtica de Privacidad y Protecci\u00f3n de Datos que aplicar\u00e1 en el tratamiento de los datos personales.<\/p><p>El Usuario, al proporcionar a Fundiciones Balaguer sus datos de car\u00e1cter personal haciendo uso de los canales de comunicaci\u00f3n habilitados en la P\u00e1gina y, en su caso, a trav\u00e9s de la marcaci\u00f3n de las correspondientes casillas de aceptaci\u00f3n, consiente expresamente que Fundiciones Balaguer pueda tratar esos datos en los t\u00e9rminos de la presente Pol\u00edtica de Privacidad y Protecci\u00f3n de Datos y para los fines aqu\u00ed expresados.<\/p><p>Fundiciones Balaguer es consciente de la importancia de la privacidad de los datos de car\u00e1cter personal y por ello ha implementado una pol\u00edtica de tratamiento de datos orientada a la m\u00e1xima seguridad en el uso y recogida de los mismos, garantizando el cumplimiento de la normativa vigente en la materia y configurando dicha pol\u00edtica como uno de los pilares b\u00e1sicos en las l\u00edneas de actuaci\u00f3n de la entidad.<\/p>\t\t\t\t\t\t<\/div>\n\t\t\t\t<\/div>\n\t\t\t\t<div class=\"elementor-element elementor-element-5538785b elementor-widget elementor-widget-heading\" data-id=\"5538785b\" data-element_type=\"widget\" data-widget_type=\"heading.default\">\n\t\t\t\t<div class=\"elementor-widget-container\">\n\t\t\t<h3 class=\"elementor-heading-title elementor-size-default\">Qu\u00e9 datos de car\u00e1cter personal recabamos a trav\u00e9s de la p\u00e1gina<\/h3>\t\t<\/div>\n\t\t\t\t<\/div>\n\t\t\t\t<div class=\"elementor-element elementor-element-1b622c27 elementor-widget elementor-widget-text-editor\" data-id=\"1b622c27\" data-element_type=\"widget\" data-widget_type=\"text-editor.default\">\n\t\t\t\t<div class=\"elementor-widget-container\">\n\t\t\t\t\t\t\t<p>Podemos recabar o recibir sus datos a trav\u00e9s de su visita a la P\u00e1gina o derivada de su interacci\u00f3n con nosotros mediante la cumplimentaci\u00f3n y posterior env\u00edo del formulario de contacto, el formulario de env\u00edo de su curr\u00edculum o derivada de su integraci\u00f3n con nosotros en las p\u00e1ginas de nuestros perfiles en las redes sociales identificadas en la P\u00e1gina.<\/p><p>En algunos casos, los datos de car\u00e1cter personal son facilitados directamente por el usuario cuando contacta con nosotros a trav\u00e9s de los canales de comunicaci\u00f3n habilitados, se suscribe a nuestros perfiles de redes sociales o interact\u00faa con nosotros a trav\u00e9s de dichos perfiles mediante comentarios, opiniones, compartiendo los contenidos publicados en cada perfil o etiquet\u00e1ndonos en sus publicaciones.<\/p><p>En otros casos, los datos de car\u00e1cter personal se obtienen de manera indirecta del usuario con finalidades meramente estad\u00edsticas para poder analizar el uso que realiza de nuestra P\u00e1gina mediante el uso de cookies o facilitarle servicios de valor a\u00f1adido como la configuraci\u00f3n de idioma de la P\u00e1gina, poder compartir los contenidos del Blog en sus perfil de redes sociales o servicios de mensajer\u00eda (secci\u00f3n de noticias) y el uso de servicios antispam (captcha). En la tabla que le mostramos a continuaci\u00f3n encontrar\u00e1 informaci\u00f3n m\u00e1s detallada sobre el tratamiento de sus datos de car\u00e1cter personal, incluy\u00e9ndose los siguientes ep\u00edgrafes:<\/p><p><strong>Finalidades principales: Se identifica con que finalidad necesitamos recoger sus datos, es decir, porqu\u00e9 tratamos su informaci\u00f3n.<\/strong><br \/><strong>Legitimaci\u00f3n: Se detalla el motivo que nos habilita para poder tratar sus datos.<\/strong><br \/><strong>Plazos de conservaci\u00f3n: Se identifica el plazo concreto de conservaci\u00f3n o los criterios que determinan dicho periodo.<\/strong><br \/><strong>Destinatarios: Identificamos, en sus caso, con qui\u00e9n compartiremos sus datos de forma leg\u00edtima.<\/strong><br \/><strong>Derechos de los interesados: Le informamos sobre los derechos que le asisten como interesado en el tratamiento de sus car\u00e1cter personal.<\/strong><\/p><p>INFORMACI\u00d3N SOBRE PROTECCI\u00d3N DE DATOS DE CAR\u00c1CTER PERSONAL<\/p><p>(En cumplimiento del Reglamento (EU) 2016\/679 de Protecci\u00f3n de Datos)<\/p><p><span style=\"text-decoration: underline;\">Responsable del tratamiento<\/span><\/p><p>Denominaci\u00f3n Social: Fundiciones Balaguer, S.A.<\/p><p>NIF: A03028552<\/p><p>Direcci\u00f3n: Pol\u00edgono Industrial Los Vasalos. P. 104 03430 Onil (Alicante)<\/p><p>Tel\u00e9fono: +90 536 513 98 94<\/p><p>E-mail: <span style=\"color: #4f4f4f;\"><a style=\"color: #4f4f4f;\" href=\"mailto:info@balaguer-rolls.tr\">info@balaguer-rolls.tr<\/a><\/span><\/p><p><span style=\"text-decoration: underline;\">Finalidades<\/span><\/p><p>&#8211; Formulario de contacto: atender la solicitud de informaci\u00f3n demandada a trav\u00e9s del formulario de contacto.<\/p><p>&#8211; Formulario env\u00edo de curr\u00edculum: gesti\u00f3n de procesos de reclutamiento que se encuentren habilitados o puedan habilitarse en nuestra empresa.<\/p><p>&#8211; Env\u00edo de comunicaciones de naturaleza comercial asociados a sus peticiones de informaci\u00f3n.<\/p><p>&#8211; Cookies: proporcionar estad\u00edsticas asociadas al uso de la P\u00e1gina y servicios de valor a\u00f1adido.<\/p><p><span style=\"text-decoration: underline;\">Legitimaci\u00f3n y conservaci\u00f3n<\/span><\/p><ul><li>La base que legitima el tratamiento de sus datos asociados al formulario de contacto y la instalaci\u00f3n de cookies se corresponde con el consentimiento prestado por el Usuario al cumplimentar los datos, marcaci\u00f3n de la casilla de aceptaci\u00f3n y la navegaci\u00f3n por las distintas zonas de la P\u00e1gina.<\/li><li>En relaci\u00f3n a los datos asociados a su curriculum, la base jur\u00eddica que legitima el tratamiento de sus datos se corresponde con el consentimiento prestado por el usuario mediante su env\u00edo.<\/li><li>El usuario ser\u00e1 el \u00fanico responsable de la veracidad y, en su caso, de la actualizaci\u00f3n de los datos facilitados.<\/li><li>Los campos del formulario habilitado en la P\u00e1gina marcados con un asterisco (*) tienen la consideraci\u00f3n de campos obligatorios para poder atender su solicitud o la valoraci\u00f3n de la informaci\u00f3n que nos desee facilitar. Asimismo, si no acepta la instalaci\u00f3n de cookies no podr\u00e1 activar los servicios de anal\u00edtica de la P\u00e1gina o remitir el formulario de contacto.<\/li><li>Los datos de contacto se conservar\u00e1n mientras la relaci\u00f3n y no se consolide su supresi\u00f3n. Los datos relativos a informaci\u00f3n de curriculum se conservar\u00e1n durante un plazo m\u00e1ximo de dos a\u00f1os.<\/li><li>En relaci\u00f3n a las cookies consulte nuestra Pol\u00edtica de Cookies para identificar la vigencia de cada cookie. Si desactiva las cookies de su navegador puede que la P\u00e1gina no muestre todas sus funcionalidades.<\/li><li>\u00a0Los datos asociados a su interacci\u00f3n en los perfiles corporativos de redes sociales se conservar\u00e1n durante el plazo que usted habilite en dicha red social a sus publicaciones.<\/li><\/ul><p><span style=\"text-decoration: underline;\">Destinatarios de cesiones y transferencias internacionales.<\/span><\/p><ul><li>Responsables de servicios de anal\u00edtica web: La P\u00e1gina tiene habilitados los servicios de Google Analytics prestados por Google LLC. La interacci\u00f3n con los usuarios por el uso de dicha herramienta implica la transferencia internacional de datos, del tipo anal\u00edtico y t\u00e9cnico en relaci\u00f3n con la P\u00e1gina. La transferencia se realiza al amparo del acuerdo EU-US Privacy Shield. Informaci\u00f3n disponible en: <span style=\"color: #4f4f4f;\"><a style=\"color: #4f4f4f;\" href=\"https:\/\/www.privacyshield.gov\/participant?id=a2zt00000001L5AAI\" target=\"_blank\" rel=\"noopener nofollow\">https:\/\/www.privacyshield.gov\/participant?id=a2zt00000001L5AAI<\/a><\/span><\/li><li>Titulares de redes sociales: Disponemos de perfiles en las redes sociales Facebook, YouTube, Twitter y LinkedIn: La interacci\u00f3n con los usuarios por el uso de dichos perfiles o herramientas implica la transferencia internacional de datos, de tipo anal\u00edtico y t\u00e9cnico en relaci\u00f3n con la P\u00e1gina y los perfiles de redes, siendo en sus servidores en los que cada empresa trata los datos que los ususarios facilitan a trav\u00e9s de dichos perfiles. Para ampliar informaci\u00f3n sobre el tratamiento de sus datos, consulte las respectivas pol\u00edticas de Protecci\u00f3n de datos de los resposables de dichas redes sociales.<\/li><li>Fundiciones Balaguer dispone de los \u201cServicios en L\u00ednea para empresas\u201d de Microsoft Corporation con herramientas como Office 365, constituyendo su uso una transferencia internacional de datos autorizada por la AEPD. Puede consultar dicha autorizaci\u00f3n en la siguiente direcci\u00f3n: <span style=\"color: #4f4f4f;\"><a style=\"color: #4f4f4f;\" href=\"http:\/\/www.agd.es\/portalwebAGPD\/resoluciones\/autorizacion_transf\/auto_transf_2014\/common\/pdfs\/TI-00032-2014_Resolucion-de-fecha-09-05-2014_de-MICROSOFT-CORPORATION_a-Estados-Unidos.pdf.\" target=\"_blank\" rel=\"noopener nofollow\">http:\/\/www.agd.es\/portalwebAGPD\/resoluciones\/autorizacion_transf\/auto_transf_2014\/common\/pdfs\/TI-00032-2014_Resolucion-de-fecha-09-05-2014_de-MICROSOFT-CORPORATION_a-Estados-Unidos.pdf.<\/a><\/span><\/li><li>Fundiciones Balaguer disponen de infraestructura virtual seg\u00fan su modelo de \u201ccomunicaci\u00f3n en la nube\u201d o servicios cloud alojados en Amazon Web Servicios y al amparo del acuerdo EU-US Privacy Shield. Informaci\u00f3n disponible en: <span style=\"color: #4f4f4f;\"><a style=\"color: #4f4f4f;\" href=\"http:\/\/www.agd.es\/portalwebAGPD\/resoluciones\/autorizacion_transf\/auto_transf_2014\/common\/pdfs\/TI-00032-2014_Resolucion-de-fecha-09-05-2014_de-MICROSOFT-CORPORATION_a-Estados-Unidos.pdf.\" target=\"_blank\" rel=\"noopener nofollow\">http:\/\/www.agd.es\/portalwebAGPD\/resoluciones\/autorizacion_transf\/auto_transf_2014\/common\/pdfs\/TI-00032-2014_Resolucion-de-fecha-09-05-2014_de-MICROSOFT-CORPORATION_a-Estados-Unidos.pdf.<\/a><\/span><\/li><\/ul><p><span style=\"text-decoration: underline;\">Derechos de los interesados<\/span><\/p><p>Puede ejercitar sus derechos de acceso, rectificaci\u00f3n, supresi\u00f3n, portabilidad y la limitaci\u00f3n u oposici\u00f3n dirigi\u00e9ndose por escrito a la direcci\u00f3n del responsable indicando la referencia \u201cProtecci\u00f3n de Datos\u201d o mediante el env\u00edo de un mensaje de correo electr\u00f3nico desde la direcci\u00f3n que nos haya facilitado en el formulario de contacto.<\/p><p>Los interesados tienen derecho a retirar el consentimiento prestado.<\/p><p>Los interesados tienen derecho a reclamar ante la Autoridad de Control (Agencia Espa\u00f1ola de Protecci\u00f3n de Datos: <span style=\"color: #4f4f4f;\"><a style=\"color: #4f4f4f;\" href=\"http:\/\/www.agdp.es\/\" target=\"_blank\" rel=\"noopener nofollow\">www.agdp.es<\/a><\/span>)<\/p>\t\t\t\t\t\t<\/div>\n\t\t\t\t<\/div>\n\t\t\t\t<div class=\"elementor-element elementor-element-7bc72573 elementor-widget elementor-widget-heading\" data-id=\"7bc72573\" data-element_type=\"widget\" data-widget_type=\"heading.default\">\n\t\t\t\t<div class=\"elementor-widget-container\">\n\t\t\t<h3 class=\"elementor-heading-title elementor-size-default\">Seguridad<\/h3>\t\t<\/div>\n\t\t\t\t<\/div>\n\t\t\t\t<div class=\"elementor-element elementor-element-2f04eb9a elementor-widget elementor-widget-text-editor\" data-id=\"2f04eb9a\" data-element_type=\"widget\" data-widget_type=\"text-editor.default\">\n\t\t\t\t<div class=\"elementor-widget-container\">\n\t\t\t\t\t\t\t<p>Asumimos nuestra responsabilidad para proteger la informaci\u00f3n que nos conf\u00eda. Fundiciones Balaguer implementa medidas t\u00e9cnicas y organizativas apropiadas para garantizar la seguridad de los datos de car\u00e1cter personal que nos conf\u00eda con la finalidad de para evitar su alteraci\u00f3n, p\u00e9rdida, tratamiento o acceso no autorizado, habida cuenta del estado de la tecnolog\u00eda, la naturaleza de los datos y los riesgos a los que est\u00e1n expuestos.<\/p><p>La P\u00e1gina dispone del Certificado SSL (Secure Socket Layer), con la finalidad de garantizar la seguridad en la transmisi\u00f3n de datos entre su navegador y nuestra P\u00e1gina.<\/p><p>El servidor seguro establece una conexi\u00f3n de modo que la informaci\u00f3n se transmite cifrada, que aseguran que solo sea inteligible para el dispositivo del usuario y servidor que recibe la informaci\u00f3n. De este modo, al utilizar el protocolo SSL se garantiza:<\/p><p><strong>Que el usuario est\u00e1 comunicando sus datos al centro servidor de la P\u00e1gina y no a cualquier otro.<\/strong><br \/><strong>Que entre el usuario y la P\u00e1gina los datos se transmiten cifrados, evitando su posible lectura o manipulaci\u00f3n por terceros.<\/strong><br \/>Para verificar que se encuentra en un entorno seguro, el Usuario debe revisar que la direcci\u00f3n de la P\u00e1gina de verificaci\u00f3n comience por http:\/\/<\/p><p>Por \u00faltimo, tambi\u00e9n puede verificar la presencia de certificado SSL comprobando las propiedades de la P\u00e1gina en su navegador, para lo cual deber\u00e1 consultar las caracter\u00edsticas del mismo.<\/p><p>Cualquier cambio realizado en la Pol\u00edtica de Privacidad y en las pr\u00e1cticas de administraci\u00f3n de la informaci\u00f3n se reflejar\u00e1 de forma oportuna, Fundiciones Balaguer podr\u00e1 agregar, modificar o eliminar dicha pol\u00edtica de privacidad cuando lo estime necesario respetando, en cualquier caso, los derechos que asisten a los interesados.<\/p><p>En ning\u00fan caso Fundiciones Balaguer modificar\u00e1 las pol\u00edticas ni pr\u00e1cticas para hacerlas menos eficaces en relaci\u00f3n al tratamiento de los datos de los usuarios, ni destinar\u00e1 los datos a finalidades distintas, sin el consentimiento previo de los usuarios afectados.<\/p><p>\u00daltima actualizaci\u00f3n: 23 de Mayo de 2018.<\/p>\t\t\t\t\t\t<\/div>\n\t\t\t\t<\/div>\n\t\t\t\t\t<\/div>\n\t\t<\/div>\n\t\t\t\t\t<\/div>\n\t\t<\/section>\n\t\t\t\t<\/div>\n\t\t","protected":false},"excerpt":{"rendered":"<p>Protecci\u00f3n de datos Pol\u00edtica de privacidad de datos Fundiciones Balaguer, S.A. (en adelante, Fundiciones Balaguer) en cumplimiento de la normativa de protecci\u00f3n de datos de car\u00e1cter personal, pone en conocimiento de los usuarios de la P\u00e1gina web de su titularidad www.balaguer-rolls.com (en adelante, la P\u00e1gina) la Pol\u00edtica de Privacidad y Protecci\u00f3n de Datos que aplicar\u00e1 [&hellip;]<\/p>\n","protected":false},"author":1,"featured_media":0,"parent":0,"menu_order":0,"comment_status":"closed","ping_status":"closed","template":"","meta":{"rank_math_lock_modified_date":false,"_monsterinsights_skip_tracking":false,"_monsterinsights_sitenote_active":false,"_monsterinsights_sitenote_note":"","_monsterinsights_sitenote_category":0,"footnotes":""},"class_list":["post-2218","page","type-page","status-publish","hentry"],"_links":{"self":[{"href":"https:\/\/www.balaguer-rolls.com\/es\/wp-json\/wp\/v2\/pages\/2218"}],"collection":[{"href":"https:\/\/www.balaguer-rolls.com\/es\/wp-json\/wp\/v2\/pages"}],"about":[{"href":"https:\/\/www.balaguer-rolls.com\/es\/wp-json\/wp\/v2\/types\/page"}],"author":[{"embeddable":true,"href":"https:\/\/www.balaguer-rolls.com\/es\/wp-json\/wp\/v2\/users\/1"}],"replies":[{"embeddable":true,"href":"https:\/\/www.balaguer-rolls.com\/es\/wp-json\/wp\/v2\/comments?post=2218"}],"version-history":[{"count":8,"href":"https:\/\/www.balaguer-rolls.com\/es\/wp-json\/wp\/v2\/pages\/2218\/revisions"}],"predecessor-version":[{"id":4896,"href":"https:\/\/www.balaguer-rolls.com\/es\/wp-json\/wp\/v2\/pages\/2218\/revisions\/4896"}],"wp:attachment":[{"href":"https:\/\/www.balaguer-rolls.com\/es\/wp-json\/wp\/v2\/media?parent=2218"}],"curies":[{"name":"wp","href":"https:\/\/api.w.org\/{rel}","templated":true}]}}