{"id":3069,"date":"2023-01-05T10:54:22","date_gmt":"2023-01-05T10:54:22","guid":{"rendered":"https:\/\/balaguer.realizando.es\/notre-histoire\/"},"modified":"2023-03-16T16:27:10","modified_gmt":"2023-03-16T16:27:10","slug":"notre-histoire","status":"publish","type":"page","link":"https:\/\/www.balaguer-rolls.com\/fr\/notre-histoire\/","title":{"rendered":"Notre histoire"},"content":{"rendered":"\t\t<div data-elementor-type=\"wp-page\" data-elementor-id=\"3069\" class=\"elementor elementor-3069 elementor-2030\" data-elementor-post-type=\"page\">\n\t\t\t\t\t\t<section class=\"elementor-section elementor-top-section elementor-element elementor-element-11f59ec4 elementor-section-boxed elementor-section-height-default elementor-section-height-default\" data-id=\"11f59ec4\" data-element_type=\"section\">\n\t\t\t\t\t\t<div class=\"elementor-container elementor-column-gap-default\">\n\t\t\t\t\t<div class=\"elementor-column elementor-col-50 elementor-top-column elementor-element elementor-element-1478e5cc\" data-id=\"1478e5cc\" data-element_type=\"column\">\n\t\t\t<div class=\"elementor-widget-wrap elementor-element-populated\">\n\t\t\t\t\t\t<section class=\"elementor-section elementor-inner-section elementor-element elementor-element-4c4c53c0 elementor-section-boxed elementor-section-height-default elementor-section-height-default\" data-id=\"4c4c53c0\" data-element_type=\"section\">\n\t\t\t\t\t\t<div class=\"elementor-container elementor-column-gap-default\">\n\t\t\t\t\t<div class=\"elementor-column elementor-col-100 elementor-inner-column elementor-element elementor-element-27ca3196 hero-slider__item\" data-id=\"27ca3196\" data-element_type=\"column\">\n\t\t\t<div class=\"elementor-widget-wrap elementor-element-populated\">\n\t\t\t\t\t\t<div class=\"elementor-element elementor-element-30155737 animated-slow elementor-invisible elementor-widget elementor-widget-heading\" data-id=\"30155737\" data-element_type=\"widget\" data-settings=\"{&quot;_animation&quot;:&quot;fadeInDown&quot;}\" data-widget_type=\"heading.default\">\n\t\t\t\t<div class=\"elementor-widget-container\">\n\t\t\t<h1 class=\"elementor-heading-title elementor-size-default\">notre<\/h1>\t\t<\/div>\n\t\t\t\t<\/div>\n\t\t\t\t<div class=\"elementor-element elementor-element-786f0316 animated-slow elementor-invisible elementor-widget elementor-widget-heading\" data-id=\"786f0316\" data-element_type=\"widget\" data-settings=\"{&quot;_animation&quot;:&quot;fadeInDown&quot;}\" data-widget_type=\"heading.default\">\n\t\t\t\t<div class=\"elementor-widget-container\">\n\t\t\t<h2 class=\"elementor-heading-title elementor-size-default\">histoire<\/h2>\t\t<\/div>\n\t\t\t\t<\/div>\n\t\t\t\t<div class=\"elementor-element elementor-element-322481c2 animated-slow elementor-invisible elementor-widget elementor-widget-text-editor\" data-id=\"322481c2\" data-element_type=\"widget\" data-settings=\"{&quot;_animation&quot;:&quot;fadeInUp&quot;}\" data-widget_type=\"text-editor.default\">\n\t\t\t\t<div class=\"elementor-widget-container\">\n\t\t\t\t\t\t\t<p>Depuis nos d\u00e9buts, nous travaillons au quotidien avec l\u00b4objectif de proposer \u00e0 nos clients les produits et services permettant d\u2019obtenir les meilleurs r\u00e9sultats \u00e0 nos clients comme aux <span style=\"color: #4f4f4f;\"><a style=\"color: #4f4f4f;\" href=\"https:\/\/balaguer.realizando.es\/fr\/services\/\" rel=\"nofollow noopener\">OEM\u00b4s<\/a><\/span>.<\/p>\n\t\t\t\t\t\t<\/div>\n\t\t\t\t<\/div>\n\t\t\t\t\t<\/div>\n\t\t<\/div>\n\t\t\t\t\t<\/div>\n\t\t<\/section>\n\t\t\t\t\t<\/div>\n\t\t<\/div>\n\t\t\t\t<div class=\"elementor-column elementor-col-50 elementor-top-column elementor-element elementor-element-65597234\" data-id=\"65597234\" data-element_type=\"column\">\n\t\t\t<div class=\"elementor-widget-wrap elementor-element-populated\">\n\t\t\t\t\t\t<div class=\"elementor-element elementor-element-749102f animated-slow elementor-pagination-position-outside elementor-invisible elementor-widget elementor-widget-image-carousel\" data-id=\"749102f\" data-element_type=\"widget\" data-settings=\"{&quot;slides_to_show&quot;:&quot;1&quot;,&quot;navigation&quot;:&quot;dots&quot;,&quot;lazyload&quot;:&quot;yes&quot;,&quot;speed&quot;:800,&quot;_animation&quot;:&quot;fadeIn&quot;,&quot;_animation_delay&quot;:50,&quot;autoplay&quot;:&quot;no&quot;,&quot;infinite&quot;:&quot;yes&quot;,&quot;effect&quot;:&quot;slide&quot;}\" data-widget_type=\"image-carousel.default\">\n\t\t\t\t<div class=\"elementor-widget-container\">\n\t\t\t\t\t<div class=\"elementor-image-carousel-wrapper swiper\" dir=\"ltr\">\n\t\t\t<div class=\"elementor-image-carousel swiper-wrapper\" aria-live=\"polite\">\n\t\t\t\t\t\t\t\t<div class=\"swiper-slide\" role=\"group\" aria-roledescription=\"slide\" aria-label=\"1 sur 4\"><figure class=\"swiper-slide-inner\"><img class=\"swiper-slide-image swiper-lazy\" data-src=\"https:\/\/www.balaguer-rolls.com\/wp-content\/uploads\/2023\/01\/historia-balaguer-sala-maquinas.webp\" alt=\"Historia Fundiciones Balaguer Rolls Sala M\u00e1quinas\" \/><div class=\"swiper-lazy-preloader\"><\/div><\/figure><\/div><div class=\"swiper-slide\" role=\"group\" aria-roledescription=\"slide\" aria-label=\"2 sur 4\"><figure class=\"swiper-slide-inner\"><img class=\"swiper-slide-image swiper-lazy\" data-src=\"https:\/\/www.balaguer-rolls.com\/wp-content\/uploads\/2023\/01\/historia-balaguer-fundiciones.webp\" alt=\"Historia Fundiciones Balaguer Rolls\" \/><div class=\"swiper-lazy-preloader\"><\/div><\/figure><\/div><div class=\"swiper-slide\" role=\"group\" aria-roledescription=\"slide\" aria-label=\"3 sur 4\"><figure class=\"swiper-slide-inner\"><img class=\"swiper-slide-image swiper-lazy\" data-src=\"https:\/\/www.balaguer-rolls.com\/wp-content\/uploads\/2023\/01\/historia-balaguer-cilindros.webp\" alt=\"Fundiciones Balaguer Rolls cilindros\" \/><div class=\"swiper-lazy-preloader\"><\/div><\/figure><\/div><div class=\"swiper-slide\" role=\"group\" aria-roledescription=\"slide\" aria-label=\"4 sur 4\"><figure class=\"swiper-slide-inner\"><img class=\"swiper-slide-image swiper-lazy\" data-src=\"https:\/\/www.balaguer-rolls.com\/wp-content\/uploads\/2023\/01\/historia-balaguer-onil.webp\" alt=\"Historia Fundiciones Balaguer en Onil desde 1916\" \/><div class=\"swiper-lazy-preloader\"><\/div><\/figure><\/div>\t\t\t<\/div>\n\t\t\t\t\t\t\t\n\t\t\t\t\t\t\t\t\t<div class=\"swiper-pagination\"><\/div>\n\t\t\t\t\t\t\t\t\t<\/div>\n\t\t\t\t<\/div>\n\t\t\t\t<\/div>\n\t\t\t\t\t<\/div>\n\t\t<\/div>\n\t\t\t\t\t<\/div>\n\t\t<\/section>\n\t\t\t\t<section class=\"elementor-section elementor-top-section elementor-element elementor-element-64c3cb7a elementor-reverse-mobile elementor-section-boxed elementor-section-height-default elementor-section-height-default\" data-id=\"64c3cb7a\" data-element_type=\"section\">\n\t\t\t\t\t\t<div class=\"elementor-container elementor-column-gap-default\">\n\t\t\t\t\t<div class=\"elementor-column elementor-col-50 elementor-top-column elementor-element elementor-element-58f4d661\" data-id=\"58f4d661\" data-element_type=\"column\">\n\t\t\t<div class=\"elementor-widget-wrap elementor-element-populated\">\n\t\t\t\t\t\t<div class=\"elementor-element elementor-element-37230ed7 animated-slow elementor-invisible elementor-widget elementor-widget-image\" data-id=\"37230ed7\" data-element_type=\"widget\" data-settings=\"{&quot;_animation&quot;:&quot;fadeIn&quot;}\" data-widget_type=\"image.default\">\n\t\t\t\t<div class=\"elementor-widget-container\">\n\t\t\t\t\t\t\t\t\t\t\t\t\t<img fetchpriority=\"high\" decoding=\"async\" width=\"500\" height=\"550\" src=\"https:\/\/www.balaguer-rolls.com\/wp-content\/uploads\/2023\/01\/fundiciones-balaguer-desde-1916.webp\" class=\"attachment-full size-full wp-image-2272\" alt=\"Fundiciones Balaguer Rolls desde 1916\" srcset=\"https:\/\/www.balaguer-rolls.com\/wp-content\/uploads\/2023\/01\/fundiciones-balaguer-desde-1916.webp 500w, https:\/\/www.balaguer-rolls.com\/wp-content\/uploads\/2023\/01\/fundiciones-balaguer-desde-1916-273x300.webp 273w\" sizes=\"(max-width: 500px) 100vw, 500px\" \/>\t\t\t\t\t\t\t\t\t\t\t\t\t<\/div>\n\t\t\t\t<\/div>\n\t\t\t\t\t<\/div>\n\t\t<\/div>\n\t\t\t\t<div class=\"elementor-column elementor-col-50 elementor-top-column elementor-element elementor-element-4a418651\" data-id=\"4a418651\" data-element_type=\"column\">\n\t\t\t<div class=\"elementor-widget-wrap elementor-element-populated\">\n\t\t\t\t\t\t<div class=\"elementor-element elementor-element-ea89116 animated-slow elementor-invisible elementor-widget elementor-widget-heading\" data-id=\"ea89116\" data-element_type=\"widget\" data-settings=\"{&quot;_animation&quot;:&quot;fadeInDown&quot;}\" data-widget_type=\"heading.default\">\n\t\t\t\t<div class=\"elementor-widget-container\">\n\t\t\t<h2 class=\"elementor-heading-title elementor-size-default\">desde<\/h2>\t\t<\/div>\n\t\t\t\t<\/div>\n\t\t\t\t<div class=\"elementor-element elementor-element-575835d6 item animated-slow elementor-invisible elementor-widget elementor-widget-heading\" data-id=\"575835d6\" data-element_type=\"widget\" data-settings=\"{&quot;_animation&quot;:&quot;fadeIn&quot;}\" data-widget_type=\"heading.default\">\n\t\t\t\t<div class=\"elementor-widget-container\">\n\t\t\t<h2 class=\"elementor-heading-title elementor-size-default\">1916<\/h2>\t\t<\/div>\n\t\t\t\t<\/div>\n\t\t\t\t<div class=\"elementor-element elementor-element-3cd34b67 animated-slow elementor-invisible elementor-widget elementor-widget-text-editor\" data-id=\"3cd34b67\" data-element_type=\"widget\" data-settings=\"{&quot;_animation&quot;:&quot;fadeInUp&quot;}\" data-widget_type=\"text-editor.default\">\n\t\t\t\t<div class=\"elementor-widget-container\">\n\t\t\t\t\t\t\t<p><span style=\"color: #4f4f4f;\"><a style=\"color: #4f4f4f;\" href=\"https:\/\/balaguer.realizando.es\/fr\/cylindres\/\" rel=\"nofollow noopener\">Fond\u00e9e en 1916<\/a><\/span>, Balaguer Rolls commence en produisant de petites pi\u00e8ces de fonderie pour machines. Au fil du temps, la fonderie devient une fonderie par centrifugation destin\u00e9e \u00e0 la production de cylindres pour les moteurs m\u00e9caniques.<\/p>\n\t\t\t\t\t\t<\/div>\n\t\t\t\t<\/div>\n\t\t\t\t\t<\/div>\n\t\t<\/div>\n\t\t\t\t\t<\/div>\n\t\t<\/section>\n\t\t\t\t<section class=\"elementor-section elementor-top-section elementor-element elementor-element-39ad6515 elementor-section-boxed elementor-section-height-default elementor-section-height-default\" data-id=\"39ad6515\" data-element_type=\"section\">\n\t\t\t\t\t\t<div class=\"elementor-container elementor-column-gap-default\">\n\t\t\t\t\t<div class=\"elementor-column elementor-col-33 elementor-top-column elementor-element elementor-element-3b96650e\" data-id=\"3b96650e\" data-element_type=\"column\">\n\t\t\t<div class=\"elementor-widget-wrap\">\n\t\t\t\t\t\t\t<\/div>\n\t\t<\/div>\n\t\t\t\t<div class=\"elementor-column elementor-col-66 elementor-top-column elementor-element elementor-element-47885492 timeline__dot\" data-id=\"47885492\" data-element_type=\"column\">\n\t\t\t<div class=\"elementor-widget-wrap elementor-element-populated\">\n\t\t\t\t\t\t<div class=\"elementor-element elementor-element-73e82019 elementor-widget elementor-widget-ucaddon_timeline_bullets\" data-id=\"73e82019\" data-element_type=\"widget\" data-widget_type=\"ucaddon_timeline_bullets.default\">\n\t\t\t\t<div class=\"elementor-widget-container\">\n\t\t\t\n<!-- start Timeline Bullets -->\n\t\t<link id='font-awesome-css' href='https:\/\/www.balaguer-rolls.com\/wp-content\/plugins\/unlimited-elements-for-elementor\/assets_libraries\/font-awesome6\/fontawesome-all.min.css' type='text\/css' rel='stylesheet' >\n\t\t<link id='font-awesome-4-shim-css' href='https:\/\/www.balaguer-rolls.com\/wp-content\/plugins\/unlimited-elements-for-elementor\/assets_libraries\/font-awesome6\/fontawesome-v4-shims.min.css' type='text\/css' rel='stylesheet' >\n\n<style>\/* widget: Timeline Bullets *\/\n\n\r\n@keyframes uc_timeline_bullets_elementor_73e82019__item-animation {\r\n  0% {\r\n            \r\n        \t\r\n    \t    opacity: 0;\r\n  }\r\n  100% {\r\n            \r\n        \t\r\n    \t\topacity: 1;\r\n  }\r\n}\r\n\r\n\r\n#uc_timeline_bullets_elementor_73e82019 .ue_item{\r\n\topacity:0;\r\n}\r\n\r\n\r\n#uc_timeline_bullets_elementor_73e82019 .uc-entrance-animate {\r\n  opacity:1;\r\n}\r\n\r\n#uc_timeline_bullets_elementor_73e82019 .uc-entrance-animate {\r\n\tanimation: uc_timeline_bullets_elementor_73e82019__item-animation 2s cubic-bezier(0.470, 0.000, 0.745, 0.715) both;\r\n}\r\n\r\n\t\t\t\n\n#uc_timeline_bullets_elementor_73e82019 .ue_item\n{\n  display:flex;\n  position:relative;\n}\n\n#uc_timeline_bullets_elementor_73e82019 .ue_item_icon\n{\n \n  display:flex;\n  align-items:center;\n  justify-content:center;\n  flex-grow:0;\n  flex-shrink:0;\n  line-height:1em;\n  overflow:hidden;\n}\n\n#uc_timeline_bullets_elementor_73e82019 .ue_item_icon img\n{\n  object-fit: cover;\n}\n\n#uc_timeline_bullets_elementor_73e82019 .ue_item_icon svg\n{\n \n  height:1em;\n  width:1em;\n}\n\n#uc_timeline_bullets_elementor_73e82019 .ue_item_spacer\n{\n  flex-grow:0;\n  flex-shrink:0;\n}\n\n#uc_timeline_bullets_elementor_73e82019 .ue_item_hr_line\n{\n  \n  flex-grow:0;\n  flex-shrink:0;\n}\n\n#uc_timeline_bullets_elementor_73e82019 .ue_item_vr_line\n{\n  height:100%;\n  position:absolute;\n  flex-grow:0;\n  flex-shrink:0;\n}\n\n.ue_item_title\n{\n  font-size:21px;\n}\n\n\n#uc_timeline_bullets_elementor_73e82019.uc-remote-parent .ue_item\n{\n  cursor:pointer;\n}\n\n<\/style>\n\n<div id=\"uc_timeline_bullets_elementor_73e82019\" class=\"\" >\n <div class=\"ue_item elementor-repeater-item-92a3e7a\">\n    <div class=\"ue_item_vr_line\"><\/div>\n    <div class=\"ue_item_hr_line\"><\/div>\n    <div class=\"ue_item_icon\">\n                  <img decoding=\"async\" src=\"https:\/\/www.balaguer-rolls.com\/wp-content\/uploads\/2023\/01\/historia-balaguer-1940.webp\">     <\/div>\n    <div class=\"ue_item_spacer\"><\/div>\n    <div class=\"ue_item_content\">\n      <div class=\"ue_item_title\">1940<\/div>      <div class=\"ue_item_text\">Balaguer concentre son activit\u00e9 sur la coul\u00e9e centrifuge pour la fabrication de cylindres de meunerie, tout en conservant la coul\u00e9e statique pour la fabrication de cylindres pour le papier, le caoutchouc, etc.<\/div>    <\/div>\n  <\/div>\n<div class=\"ue_item elementor-repeater-item-23e7910\">\n    <div class=\"ue_item_vr_line\"><\/div>\n    <div class=\"ue_item_hr_line\"><\/div>\n    <div class=\"ue_item_icon\">\n                  <img decoding=\"async\" src=\"https:\/\/www.balaguer-rolls.com\/wp-content\/uploads\/2023\/01\/historia-balaguer-1960.webp\">     <\/div>\n    <div class=\"ue_item_spacer\"><\/div>\n    <div class=\"ue_item_content\">\n      <div class=\"ue_item_title\">1960<\/div>      <div class=\"ue_item_text\">C'est en 1960 que Balaguer Rolls s'est sp\u00e9cialis\u00e9e \u00e0 100% dans la fabrication de cylindres centrifug\u00e9s pour l'industrie alimentaire.<\/div>    <\/div>\n  <\/div>\n<div class=\"ue_item elementor-repeater-item-7693998\">\n    <div class=\"ue_item_vr_line\"><\/div>\n    <div class=\"ue_item_hr_line\"><\/div>\n    <div class=\"ue_item_icon\">\n                  <img decoding=\"async\" src=\"https:\/\/www.balaguer-rolls.com\/wp-content\/uploads\/2023\/01\/historia-balaguer-actualidad.webp\">     <\/div>\n    <div class=\"ue_item_spacer\"><\/div>\n    <div class=\"ue_item_content\">\n      <div class=\"ue_item_title\">Actualit\u00e9s<\/div>      <div class=\"ue_item_text\">Aujourd'hui, les rouleaux Balaguer sont principalement utilis\u00e9s dans les industries de la farine, de l'huile v\u00e9g\u00e9tale et des aliments compos\u00e9s. Toutefois, d'autres secteurs prennent de plus en plus d'importance, tels que les chocolats, les biscuits, les engrais, le caf\u00e9, le malt, etc.<\/div>    <\/div>\n  <\/div>\n\n<\/div>\n\n<!-- -->\n<!-- end Timeline Bullets -->\t\t<\/div>\n\t\t\t\t<\/div>\n\t\t\t\t\t<\/div>\n\t\t<\/div>\n\t\t\t\t\t<\/div>\n\t\t<\/section>\n\t\t\t\t<\/div>\n\t\t","protected":false},"excerpt":{"rendered":"<p>notre histoire Depuis nos d\u00e9buts, nous travaillons au quotidien avec l\u00b4objectif de proposer \u00e0 nos clients les produits et services permettant d\u2019obtenir les meilleurs r\u00e9sultats \u00e0 nos clients comme aux OEM\u00b4s. desde 1916 Fond\u00e9e en 1916, Balaguer Rolls commence en produisant de petites pi\u00e8ces de fonderie pour machines. Au fil du temps, la fonderie devient [&hellip;]<\/p>\n","protected":false},"author":1,"featured_media":0,"parent":0,"menu_order":0,"comment_status":"closed","ping_status":"closed","template":"","meta":{"rank_math_lock_modified_date":false,"_monsterinsights_skip_tracking":false,"_monsterinsights_sitenote_active":false,"_monsterinsights_sitenote_note":"","_monsterinsights_sitenote_category":0,"footnotes":""},"class_list":["post-3069","page","type-page","status-publish","hentry"],"_links":{"self":[{"href":"https:\/\/www.balaguer-rolls.com\/fr\/wp-json\/wp\/v2\/pages\/3069"}],"collection":[{"href":"https:\/\/www.balaguer-rolls.com\/fr\/wp-json\/wp\/v2\/pages"}],"about":[{"href":"https:\/\/www.balaguer-rolls.com\/fr\/wp-json\/wp\/v2\/types\/page"}],"author":[{"embeddable":true,"href":"https:\/\/www.balaguer-rolls.com\/fr\/wp-json\/wp\/v2\/users\/1"}],"replies":[{"embeddable":true,"href":"https:\/\/www.balaguer-rolls.com\/fr\/wp-json\/wp\/v2\/comments?post=3069"}],"version-history":[{"count":14,"href":"https:\/\/www.balaguer-rolls.com\/fr\/wp-json\/wp\/v2\/pages\/3069\/revisions"}],"predecessor-version":[{"id":4689,"href":"https:\/\/www.balaguer-rolls.com\/fr\/wp-json\/wp\/v2\/pages\/3069\/revisions\/4689"}],"wp:attachment":[{"href":"https:\/\/www.balaguer-rolls.com\/fr\/wp-json\/wp\/v2\/media?parent=3069"}],"curies":[{"name":"wp","href":"https:\/\/api.w.org\/{rel}","templated":true}]}}