{"id":3094,"date":"2023-01-05T15:32:58","date_gmt":"2023-01-05T15:32:58","guid":{"rendered":"https:\/\/balaguer.realizando.es\/actualites\/"},"modified":"2023-01-19T14:19:59","modified_gmt":"2023-01-19T14:19:59","slug":"nouvelles","status":"publish","type":"page","link":"https:\/\/www.balaguer-rolls.com\/fr\/nouvelles\/","title":{"rendered":"Actualit\u00e9s"},"content":{"rendered":"\t\t<div data-elementor-type=\"wp-page\" data-elementor-id=\"3094\" class=\"elementor elementor-3094 elementor-2187\" data-elementor-post-type=\"page\">\n\t\t\t\t\t\t<header class=\"elementor-section elementor-top-section elementor-element elementor-element-46de0694 elementor-section-content-middle sticky-header elementor-hidden-desktop elementor-section-height-min-height elementor-section-boxed elementor-section-height-default elementor-section-items-middle\" data-id=\"46de0694\" data-element_type=\"section\" data-settings=\"{&quot;background_background&quot;:&quot;classic&quot;,&quot;sticky&quot;:&quot;top&quot;,&quot;sticky_on&quot;:[&quot;tablet&quot;,&quot;mobile&quot;],&quot;sticky_effects_offset&quot;:90,&quot;sticky_effects_offset_tablet&quot;:90,&quot;sticky_effects_offset_mobile&quot;:0,&quot;sticky_offset&quot;:0}\">\n\t\t\t\t\t\t<div class=\"elementor-container elementor-column-gap-default\">\n\t\t\t\t\t<div class=\"elementor-column elementor-col-33 elementor-top-column elementor-element elementor-element-2fc16e8a\" data-id=\"2fc16e8a\" data-element_type=\"column\">\n\t\t\t<div class=\"elementor-widget-wrap elementor-element-populated\">\n\t\t\t\t\t\t<div class=\"elementor-element elementor-element-337bacbb elementor-widget elementor-widget-ekit-nav-menu\" data-id=\"337bacbb\" data-element_type=\"widget\" data-widget_type=\"ekit-nav-menu.default\">\n\t\t\t\t<div class=\"elementor-widget-container\">\n\t\t\t\t\t<div class=\"ekit-wid-con ekit_menu_responsive_tablet\" \n\t\t\tdata-hamburger-icon=\"\" \n\t\t\tdata-hamburger-icon-type=\"icon\" \n\t\t\tdata-responsive-breakpoint=\"1024\">\n\t\t\t\t\t<\/div>\n\t\t\t\t<\/div>\n\t\t\t\t<\/div>\n\t\t\t\t\t<\/div>\n\t\t<\/div>\n\t\t\t\t<div class=\"elementor-column elementor-col-33 elementor-top-column elementor-element elementor-element-30124806\" data-id=\"30124806\" data-element_type=\"column\">\n\t\t\t<div class=\"elementor-widget-wrap elementor-element-populated\">\n\t\t\t\t\t\t<div class=\"elementor-element elementor-element-4d8c9dd7 logo elementor-widget elementor-widget-theme-site-logo elementor-widget-image\" data-id=\"4d8c9dd7\" data-element_type=\"widget\" data-widget_type=\"theme-site-logo.default\">\n\t\t\t\t<div class=\"elementor-widget-container\">\n\t\t\t\t\t\t\t\t\t<a href=\"https:\/\/www.balaguer-rolls.com\/fr\/\">\n\t\t\t<img fetchpriority=\"high\" decoding=\"async\" width=\"367\" height=\"367\" src=\"https:\/\/www.balaguer-rolls.com\/wp-content\/uploads\/2022\/12\/logo-web.png\" class=\"attachment-full size-full wp-image-7074\" alt=\"\" srcset=\"https:\/\/www.balaguer-rolls.com\/wp-content\/uploads\/2022\/12\/logo-web.png 367w, https:\/\/www.balaguer-rolls.com\/wp-content\/uploads\/2022\/12\/logo-web-300x300.png 300w, https:\/\/www.balaguer-rolls.com\/wp-content\/uploads\/2022\/12\/logo-web-150x150.png 150w\" sizes=\"(max-width: 367px) 100vw, 367px\" \/>\t\t\t\t<\/a>\n\t\t\t\t\t\t\t\t\t<\/div>\n\t\t\t\t<\/div>\n\t\t\t\t\t<\/div>\n\t\t<\/div>\n\t\t\t\t<div class=\"elementor-column elementor-col-33 elementor-top-column elementor-element elementor-element-1bac49ff\" data-id=\"1bac49ff\" data-element_type=\"column\">\n\t\t\t<div class=\"elementor-widget-wrap\">\n\t\t\t\t\t\t\t<\/div>\n\t\t<\/div>\n\t\t\t\t\t<\/div>\n\t\t<\/header>\n\t\t\t\t<section class=\"elementor-section elementor-top-section elementor-element elementor-element-644705c0 elementor-section-full_width elementor-section-height-min-height elementor-section-height-default elementor-section-items-middle\" data-id=\"644705c0\" data-element_type=\"section\" data-settings=\"{&quot;background_background&quot;:&quot;classic&quot;,&quot;background_motion_fx_opacity_effect&quot;:&quot;yes&quot;,&quot;background_motion_fx_opacity_range&quot;:{&quot;unit&quot;:&quot;%&quot;,&quot;size&quot;:&quot;&quot;,&quot;sizes&quot;:{&quot;start&quot;:&quot;51&quot;,&quot;end&quot;:&quot;76&quot;}},&quot;background_motion_fx_motion_fx_scrolling&quot;:&quot;yes&quot;,&quot;background_motion_fx_opacity_direction&quot;:&quot;in-out&quot;,&quot;background_motion_fx_opacity_level&quot;:{&quot;unit&quot;:&quot;px&quot;,&quot;size&quot;:10,&quot;sizes&quot;:[]},&quot;background_motion_fx_devices&quot;:[&quot;desktop&quot;,&quot;tablet&quot;,&quot;mobile&quot;]}\">\n\t\t\t\t\t\t\t<div class=\"elementor-background-overlay\"><\/div>\n\t\t\t\t\t\t\t<div class=\"elementor-container elementor-column-gap-default\">\n\t\t\t\t\t<div class=\"elementor-column elementor-col-100 elementor-top-column elementor-element elementor-element-950e63e\" data-id=\"950e63e\" data-element_type=\"column\">\n\t\t\t<div class=\"elementor-widget-wrap elementor-element-populated\">\n\t\t\t\t\t\t<div class=\"elementor-element elementor-element-1472f13d animated-slow elementor-invisible elementor-widget elementor-widget-heading\" data-id=\"1472f13d\" data-element_type=\"widget\" data-settings=\"{&quot;_animation&quot;:&quot;fadeInUp&quot;,&quot;_animation_delay&quot;:0}\" data-widget_type=\"heading.default\">\n\t\t\t\t<div class=\"elementor-widget-container\">\n\t\t\t<h2 class=\"elementor-heading-title elementor-size-default\">Actualit\u00e9s<\/h2>\t\t<\/div>\n\t\t\t\t<\/div>\n\t\t\t\t\t<\/div>\n\t\t<\/div>\n\t\t\t\t\t<\/div>\n\t\t<\/section>\n\t\t\t\t<section class=\"elementor-section elementor-top-section elementor-element elementor-element-b0a856a elementor-section-boxed elementor-section-height-default elementor-section-height-default\" data-id=\"b0a856a\" data-element_type=\"section\">\n\t\t\t\t\t\t<div class=\"elementor-container elementor-column-gap-default\">\n\t\t\t\t\t<div class=\"elementor-column elementor-col-100 elementor-top-column elementor-element elementor-element-523fc0b4\" data-id=\"523fc0b4\" data-element_type=\"column\">\n\t\t\t<div class=\"elementor-widget-wrap elementor-element-populated\">\n\t\t\t\t\t\t<div class=\"elementor-element elementor-element-59e8abd2 elementor-grid-3 elementor-grid-tablet-2 elementor-grid-mobile-1 elementor-posts--thumbnail-top elementor-card-shadow-yes elementor-posts__hover-gradient elementor-widget elementor-widget-posts\" data-id=\"59e8abd2\" data-element_type=\"widget\" data-settings=\"{&quot;pagination_type&quot;:&quot;numbers&quot;,&quot;cards_columns&quot;:&quot;3&quot;,&quot;cards_columns_tablet&quot;:&quot;2&quot;,&quot;cards_columns_mobile&quot;:&quot;1&quot;,&quot;cards_row_gap&quot;:{&quot;unit&quot;:&quot;px&quot;,&quot;size&quot;:35,&quot;sizes&quot;:[]},&quot;cards_row_gap_tablet&quot;:{&quot;unit&quot;:&quot;px&quot;,&quot;size&quot;:&quot;&quot;,&quot;sizes&quot;:[]},&quot;cards_row_gap_mobile&quot;:{&quot;unit&quot;:&quot;px&quot;,&quot;size&quot;:&quot;&quot;,&quot;sizes&quot;:[]}}\" data-widget_type=\"posts.cards\">\n\t\t\t\t<div class=\"elementor-widget-container\">\n\t\t\t\t\t<div class=\"elementor-posts-container elementor-posts elementor-posts--skin-cards elementor-grid\">\n\t\t\t\t<article class=\"elementor-post elementor-grid-item post-6762 post type-post status-publish format-standard has-post-thumbnail hentry category-actualites category-evenements\">\n\t\t\t<div class=\"elementor-post__card\">\n\t\t\t\t<a class=\"elementor-post__thumbnail__link\" href=\"https:\/\/www.balaguer-rolls.com\/fr\/planting-trees-today-growing-a-sustainable-tomorrow\/\" tabindex=\"-1\"><div class=\"elementor-post__thumbnail\"><img decoding=\"async\" width=\"2560\" height=\"1810\" src=\"https:\/\/www.balaguer-rolls.com\/wp-content\/uploads\/2024\/02\/ecommited-scaled.jpg\" class=\"attachment-full size-full wp-image-6758\" alt=\"\" srcset=\"https:\/\/www.balaguer-rolls.com\/wp-content\/uploads\/2024\/02\/ecommited-scaled.jpg 2560w, https:\/\/www.balaguer-rolls.com\/wp-content\/uploads\/2024\/02\/ecommited-300x212.jpg 300w, https:\/\/www.balaguer-rolls.com\/wp-content\/uploads\/2024\/02\/ecommited-1024x724.jpg 1024w, https:\/\/www.balaguer-rolls.com\/wp-content\/uploads\/2024\/02\/ecommited-768x543.jpg 768w, https:\/\/www.balaguer-rolls.com\/wp-content\/uploads\/2024\/02\/ecommited-1536x1086.jpg 1536w, https:\/\/www.balaguer-rolls.com\/wp-content\/uploads\/2024\/02\/ecommited-2048x1448.jpg 2048w\" sizes=\"(max-width: 2560px) 100vw, 2560px\" \/><\/div><\/a>\n\t\t\t\t<div class=\"elementor-post__badge\">Actualit\u00e9s<\/div>\n\t\t\t\t<div class=\"elementor-post__text\">\n\t\t\t\t<h3 class=\"elementor-post__title\">\n\t\t\t<a href=\"https:\/\/www.balaguer-rolls.com\/fr\/planting-trees-today-growing-a-sustainable-tomorrow\/\">\n\t\t\t\tPlanting trees today, growing a sustainable tomorrow.\t\t\t<\/a>\n\t\t<\/h3>\n\t\t\t\t<div class=\"elementor-post__excerpt\">\n\t\t\t<p>At Balaguer Rolls, we are deeply committed to sustainability and the preservation of our planet. In 2022, Spain had seen its most devastating fire season<\/p>\n\t\t<\/div>\n\t\t\n\t\t<a class=\"elementor-post__read-more\" href=\"https:\/\/www.balaguer-rolls.com\/fr\/planting-trees-today-growing-a-sustainable-tomorrow\/\" aria-label=\"En savoir plus sur Planting trees today, growing a sustainable tomorrow.\" tabindex=\"-1\">\n\t\t\tEn savoir plus \u00bb\t\t<\/a>\n\n\t\t\t\t<\/div>\n\t\t\t\t<div class=\"elementor-post__meta-data\">\n\t\t\t\t\t<span class=\"elementor-post-date\">\n\t\t\t26 de f\u00e9vrier de 2024\t\t<\/span>\n\t\t\t\t<\/div>\n\t\t\t\t\t<\/div>\n\t\t<\/article>\n\t\t\t\t<article class=\"elementor-post elementor-grid-item post-6749 post type-post status-publish format-standard has-post-thumbnail hentry category-actualites\">\n\t\t\t<div class=\"elementor-post__card\">\n\t\t\t\t<a class=\"elementor-post__thumbnail__link\" href=\"https:\/\/www.balaguer-rolls.com\/fr\/why-choose-balaguer-rolls\/\" tabindex=\"-1\"><div class=\"elementor-post__thumbnail\"><img decoding=\"async\" width=\"1830\" height=\"991\" src=\"https:\/\/www.balaguer-rolls.com\/wp-content\/uploads\/2024\/02\/Captura-de-pantalla-2024-02-26-100240.png\" class=\"attachment-full size-full wp-image-6754\" alt=\"\" srcset=\"https:\/\/www.balaguer-rolls.com\/wp-content\/uploads\/2024\/02\/Captura-de-pantalla-2024-02-26-100240.png 1830w, https:\/\/www.balaguer-rolls.com\/wp-content\/uploads\/2024\/02\/Captura-de-pantalla-2024-02-26-100240-300x162.png 300w, https:\/\/www.balaguer-rolls.com\/wp-content\/uploads\/2024\/02\/Captura-de-pantalla-2024-02-26-100240-1024x555.png 1024w, https:\/\/www.balaguer-rolls.com\/wp-content\/uploads\/2024\/02\/Captura-de-pantalla-2024-02-26-100240-768x416.png 768w, https:\/\/www.balaguer-rolls.com\/wp-content\/uploads\/2024\/02\/Captura-de-pantalla-2024-02-26-100240-1536x832.png 1536w\" sizes=\"(max-width: 1830px) 100vw, 1830px\" \/><\/div><\/a>\n\t\t\t\t<div class=\"elementor-post__badge\">Actualit\u00e9s<\/div>\n\t\t\t\t<div class=\"elementor-post__text\">\n\t\t\t\t<h3 class=\"elementor-post__title\">\n\t\t\t<a href=\"https:\/\/www.balaguer-rolls.com\/fr\/why-choose-balaguer-rolls\/\">\n\t\t\t\tWhy choose Balaguer Rolls?\t\t\t<\/a>\n\t\t<\/h3>\n\t\t\t\t<div class=\"elementor-post__excerpt\">\n\t\t\t<p>At Balaguer Rolls, we take pride in offering our clients the best rolls in the market, designed to maximize efficiency and boost your company&rsquo;s profits.<\/p>\n\t\t<\/div>\n\t\t\n\t\t<a class=\"elementor-post__read-more\" href=\"https:\/\/www.balaguer-rolls.com\/fr\/why-choose-balaguer-rolls\/\" aria-label=\"En savoir plus sur Why choose Balaguer Rolls?\" tabindex=\"-1\">\n\t\t\tEn savoir plus \u00bb\t\t<\/a>\n\n\t\t\t\t<\/div>\n\t\t\t\t<div class=\"elementor-post__meta-data\">\n\t\t\t\t\t<span class=\"elementor-post-date\">\n\t\t\t26 de f\u00e9vrier de 2024\t\t<\/span>\n\t\t\t\t<\/div>\n\t\t\t\t\t<\/div>\n\t\t<\/article>\n\t\t\t\t<article class=\"elementor-post elementor-grid-item post-5825 post type-post status-publish format-standard has-post-thumbnail hentry category-actualites category-campaigns-fr\">\n\t\t\t<div class=\"elementor-post__card\">\n\t\t\t\t<a class=\"elementor-post__thumbnail__link\" href=\"https:\/\/www.balaguer-rolls.com\/fr\/bbr-balaguer-bainitic-roll\/\" tabindex=\"-1\"><div class=\"elementor-post__thumbnail\"><img loading=\"lazy\" decoding=\"async\" width=\"1920\" height=\"1080\" src=\"https:\/\/www.balaguer-rolls.com\/wp-content\/uploads\/2023\/12\/BBR_RRSS.jpg\" class=\"attachment-full size-full wp-image-5821\" alt=\"\" srcset=\"https:\/\/www.balaguer-rolls.com\/wp-content\/uploads\/2023\/12\/BBR_RRSS.jpg 1920w, https:\/\/www.balaguer-rolls.com\/wp-content\/uploads\/2023\/12\/BBR_RRSS-300x169.jpg 300w, https:\/\/www.balaguer-rolls.com\/wp-content\/uploads\/2023\/12\/BBR_RRSS-1024x576.jpg 1024w, https:\/\/www.balaguer-rolls.com\/wp-content\/uploads\/2023\/12\/BBR_RRSS-768x432.jpg 768w, https:\/\/www.balaguer-rolls.com\/wp-content\/uploads\/2023\/12\/BBR_RRSS-1536x864.jpg 1536w\" sizes=\"(max-width: 1920px) 100vw, 1920px\" \/><\/div><\/a>\n\t\t\t\t<div class=\"elementor-post__badge\">Actualit\u00e9s<\/div>\n\t\t\t\t<div class=\"elementor-post__text\">\n\t\t\t\t<h3 class=\"elementor-post__title\">\n\t\t\t<a href=\"https:\/\/www.balaguer-rolls.com\/fr\/bbr-balaguer-bainitic-roll\/\">\n\t\t\t\tBBR- Balaguer Bainitic Roll\t\t\t<\/a>\n\t\t<\/h3>\n\t\t\t\t<div class=\"elementor-post__excerpt\">\n\t\t\t<p>Le nouveau rouleau d&rsquo;huile BBR de Balaguer Rolls r\u00e9duit consid\u00e9rablement les co\u00fbts de maintenance gr\u00e2ce \u00e0 sa grande r\u00e9sistance \u00e0 l&rsquo;usure, r\u00e9duisant ainsi les co\u00fbts<\/p>\n\t\t<\/div>\n\t\t\n\t\t<a class=\"elementor-post__read-more\" href=\"https:\/\/www.balaguer-rolls.com\/fr\/bbr-balaguer-bainitic-roll\/\" aria-label=\"En savoir plus sur BBR- Balaguer Bainitic Roll\" tabindex=\"-1\">\n\t\t\tEn savoir plus \u00bb\t\t<\/a>\n\n\t\t\t\t<\/div>\n\t\t\t\t<div class=\"elementor-post__meta-data\">\n\t\t\t\t\t<span class=\"elementor-post-date\">\n\t\t\t5 de d\u00e9cembre de 2023\t\t<\/span>\n\t\t\t\t<\/div>\n\t\t\t\t\t<\/div>\n\t\t<\/article>\n\t\t\t\t<article class=\"elementor-post elementor-grid-item post-4921 post type-post status-publish format-standard has-post-thumbnail hentry category-non-classifiee\">\n\t\t\t<div class=\"elementor-post__card\">\n\t\t\t\t<a class=\"elementor-post__thumbnail__link\" href=\"https:\/\/www.balaguer-rolls.com\/fr\/technical-training-on-edible-oilseed-crushing\/\" tabindex=\"-1\"><div class=\"elementor-post__thumbnail\"><img loading=\"lazy\" decoding=\"async\" width=\"2560\" height=\"1440\" src=\"https:\/\/www.balaguer-rolls.com\/wp-content\/uploads\/2023\/07\/RRSS-scaled.jpg\" class=\"attachment-full size-full wp-image-4916\" alt=\"\" srcset=\"https:\/\/www.balaguer-rolls.com\/wp-content\/uploads\/2023\/07\/RRSS-scaled.jpg 2560w, https:\/\/www.balaguer-rolls.com\/wp-content\/uploads\/2023\/07\/RRSS-300x169.jpg 300w, https:\/\/www.balaguer-rolls.com\/wp-content\/uploads\/2023\/07\/RRSS-1024x576.jpg 1024w, https:\/\/www.balaguer-rolls.com\/wp-content\/uploads\/2023\/07\/RRSS-768x432.jpg 768w, https:\/\/www.balaguer-rolls.com\/wp-content\/uploads\/2023\/07\/RRSS-1536x864.jpg 1536w, https:\/\/www.balaguer-rolls.com\/wp-content\/uploads\/2023\/07\/RRSS-2048x1152.jpg 2048w\" sizes=\"(max-width: 2560px) 100vw, 2560px\" \/><\/div><\/a>\n\t\t\t\t<div class=\"elementor-post__badge\">Non classifi\u00e9(e)<\/div>\n\t\t\t\t<div class=\"elementor-post__text\">\n\t\t\t\t<h3 class=\"elementor-post__title\">\n\t\t\t<a href=\"https:\/\/www.balaguer-rolls.com\/fr\/technical-training-on-edible-oilseed-crushing\/\">\n\t\t\t\tTECHNICAL TRAINING ON EDIBLE OILSEED CRUSHING\t\t\t<\/a>\n\t\t<\/h3>\n\t\t\t\t<div class=\"elementor-post__excerpt\">\n\t\t\t<p>We are pleased to announce the upcoming technical training on edible oilseed crushing! From September 29th to 30th, we will bring together industry experts to<\/p>\n\t\t<\/div>\n\t\t\n\t\t<a class=\"elementor-post__read-more\" href=\"https:\/\/www.balaguer-rolls.com\/fr\/technical-training-on-edible-oilseed-crushing\/\" aria-label=\"En savoir plus sur TECHNICAL TRAINING ON EDIBLE OILSEED CRUSHING\" tabindex=\"-1\">\n\t\t\tEn savoir plus \u00bb\t\t<\/a>\n\n\t\t\t\t<\/div>\n\t\t\t\t<div class=\"elementor-post__meta-data\">\n\t\t\t\t\t<span class=\"elementor-post-date\">\n\t\t\t5 de juillet de 2023\t\t<\/span>\n\t\t\t\t<\/div>\n\t\t\t\t\t<\/div>\n\t\t<\/article>\n\t\t\t\t<article class=\"elementor-post elementor-grid-item post-4912 post type-post status-publish format-standard has-post-thumbnail hentry category-evenements\">\n\t\t\t<div class=\"elementor-post__card\">\n\t\t\t\t<a class=\"elementor-post__thumbnail__link\" href=\"https:\/\/www.balaguer-rolls.com\/fr\/33rd-annual-iaom-mea-conference-expo-2023\/\" tabindex=\"-1\"><div class=\"elementor-post__thumbnail\"><img loading=\"lazy\" decoding=\"async\" width=\"2560\" height=\"1345\" src=\"https:\/\/www.balaguer-rolls.com\/wp-content\/uploads\/2023\/07\/Asistencia-IAOM-MEA-2023-scaled.jpg\" class=\"attachment-full size-full wp-image-4907\" alt=\"\" srcset=\"https:\/\/www.balaguer-rolls.com\/wp-content\/uploads\/2023\/07\/Asistencia-IAOM-MEA-2023-scaled.jpg 2560w, https:\/\/www.balaguer-rolls.com\/wp-content\/uploads\/2023\/07\/Asistencia-IAOM-MEA-2023-300x158.jpg 300w, https:\/\/www.balaguer-rolls.com\/wp-content\/uploads\/2023\/07\/Asistencia-IAOM-MEA-2023-1024x538.jpg 1024w, https:\/\/www.balaguer-rolls.com\/wp-content\/uploads\/2023\/07\/Asistencia-IAOM-MEA-2023-768x403.jpg 768w, https:\/\/www.balaguer-rolls.com\/wp-content\/uploads\/2023\/07\/Asistencia-IAOM-MEA-2023-1536x807.jpg 1536w, https:\/\/www.balaguer-rolls.com\/wp-content\/uploads\/2023\/07\/Asistencia-IAOM-MEA-2023-2048x1076.jpg 2048w\" sizes=\"(max-width: 2560px) 100vw, 2560px\" \/><\/div><\/a>\n\t\t\t\t<div class=\"elementor-post__badge\">\u00c9v\u00e9nements<\/div>\n\t\t\t\t<div class=\"elementor-post__text\">\n\t\t\t\t<h3 class=\"elementor-post__title\">\n\t\t\t<a href=\"https:\/\/www.balaguer-rolls.com\/fr\/33rd-annual-iaom-mea-conference-expo-2023\/\">\n\t\t\t\t33rd ANNUAL IAOM MEA CONFERENCE &amp; EXPO 2023\t\t\t<\/a>\n\t\t<\/h3>\n\t\t\t\t<div class=\"elementor-post__excerpt\">\n\t\t\t<p>Balaguer Rolls est fier d&rsquo;annoncer sa participation \u00e0 la 33rd ANNUAL IAOM MEA CONFERENCE &amp; EXPO 2023, qui aura lieu du 12 au 15 novembre.<\/p>\n\t\t<\/div>\n\t\t\n\t\t<a class=\"elementor-post__read-more\" href=\"https:\/\/www.balaguer-rolls.com\/fr\/33rd-annual-iaom-mea-conference-expo-2023\/\" aria-label=\"En savoir plus sur 33rd ANNUAL IAOM MEA CONFERENCE &amp; EXPO 2023\" tabindex=\"-1\">\n\t\t\tEn savoir plus \u00bb\t\t<\/a>\n\n\t\t\t\t<\/div>\n\t\t\t\t<div class=\"elementor-post__meta-data\">\n\t\t\t\t\t<span class=\"elementor-post-date\">\n\t\t\t5 de juillet de 2023\t\t<\/span>\n\t\t\t\t<\/div>\n\t\t\t\t\t<\/div>\n\t\t<\/article>\n\t\t\t\t<article class=\"elementor-post elementor-grid-item post-4757 post type-post status-publish format-standard has-post-thumbnail hentry category-campaigns-fr\">\n\t\t\t<div class=\"elementor-post__card\">\n\t\t\t\t<a class=\"elementor-post__thumbnail__link\" href=\"https:\/\/www.balaguer-rolls.com\/fr\/take-care-of-your-rolls\/\" tabindex=\"-1\"><div class=\"elementor-post__thumbnail\"><img loading=\"lazy\" decoding=\"async\" width=\"1920\" height=\"1080\" src=\"https:\/\/www.balaguer-rolls.com\/wp-content\/uploads\/2023\/03\/TAKE-CARE-OF-YOUR-ROLLS.jpg\" class=\"attachment-full size-full wp-image-4591\" alt=\"\" srcset=\"https:\/\/www.balaguer-rolls.com\/wp-content\/uploads\/2023\/03\/TAKE-CARE-OF-YOUR-ROLLS.jpg 1920w, https:\/\/www.balaguer-rolls.com\/wp-content\/uploads\/2023\/03\/TAKE-CARE-OF-YOUR-ROLLS-300x169.jpg 300w, https:\/\/www.balaguer-rolls.com\/wp-content\/uploads\/2023\/03\/TAKE-CARE-OF-YOUR-ROLLS-1024x576.jpg 1024w, https:\/\/www.balaguer-rolls.com\/wp-content\/uploads\/2023\/03\/TAKE-CARE-OF-YOUR-ROLLS-768x432.jpg 768w, https:\/\/www.balaguer-rolls.com\/wp-content\/uploads\/2023\/03\/TAKE-CARE-OF-YOUR-ROLLS-1536x864.jpg 1536w\" sizes=\"(max-width: 1920px) 100vw, 1920px\" \/><\/div><\/a>\n\t\t\t\t<div class=\"elementor-post__badge\">Campaigns<\/div>\n\t\t\t\t<div class=\"elementor-post__text\">\n\t\t\t\t<h3 class=\"elementor-post__title\">\n\t\t\t<a href=\"https:\/\/www.balaguer-rolls.com\/fr\/take-care-of-your-rolls\/\">\n\t\t\t\tTAKE CARE OF YOUR ROLLS\t\t\t<\/a>\n\t\t<\/h3>\n\t\t\t\t<div class=\"elementor-post__excerpt\">\n\t\t\t<p>Un bon entretien des cylindres est essentiel pour un bon processus de broyage. Balaguer souhaite partager ses connaissances sur la fa\u00e7on de prendre soin de<\/p>\n\t\t<\/div>\n\t\t\n\t\t<a class=\"elementor-post__read-more\" href=\"https:\/\/www.balaguer-rolls.com\/fr\/take-care-of-your-rolls\/\" aria-label=\"En savoir plus sur TAKE CARE OF YOUR ROLLS\" tabindex=\"-1\">\n\t\t\tEn savoir plus \u00bb\t\t<\/a>\n\n\t\t\t\t<\/div>\n\t\t\t\t<div class=\"elementor-post__meta-data\">\n\t\t\t\t\t<span class=\"elementor-post-date\">\n\t\t\t12 de avril de 2023\t\t<\/span>\n\t\t\t\t<\/div>\n\t\t\t\t\t<\/div>\n\t\t<\/article>\n\t\t\t\t<\/div>\n\t\t\n\t\t\t\t<div class=\"e-load-more-anchor\" data-page=\"1\" data-max-page=\"5\" data-next-page=\"https:\/\/www.balaguer-rolls.com\/fr\/nouvelles\/2\/\"><\/div>\n\t\t\t\t<nav class=\"elementor-pagination\" aria-label=\"Pagination\">\n\t\t\t<span aria-current=\"page\" class=\"page-numbers current\"><span class=\"elementor-screen-only\">Page<\/span>1<\/span>\n<a class=\"page-numbers\" href=\"https:\/\/www.balaguer-rolls.com\/fr\/nouvelles\/2\/\"><span class=\"elementor-screen-only\">Page<\/span>2<\/a>\n<a class=\"page-numbers\" href=\"https:\/\/www.balaguer-rolls.com\/fr\/nouvelles\/3\/\"><span class=\"elementor-screen-only\">Page<\/span>3<\/a>\n<a class=\"page-numbers\" href=\"https:\/\/www.balaguer-rolls.com\/fr\/nouvelles\/4\/\"><span class=\"elementor-screen-only\">Page<\/span>4<\/a>\n<a class=\"page-numbers\" href=\"https:\/\/www.balaguer-rolls.com\/fr\/nouvelles\/5\/\"><span class=\"elementor-screen-only\">Page<\/span>5<\/a>\t\t<\/nav>\n\t\t\t\t<\/div>\n\t\t\t\t<\/div>\n\t\t\t\t\t<\/div>\n\t\t<\/div>\n\t\t\t\t\t<\/div>\n\t\t<\/section>\n\t\t\t\t<\/div>\n\t\t","protected":false},"excerpt":{"rendered":"<p>Actualit\u00e9s<\/p>\n","protected":false},"author":1,"featured_media":0,"parent":0,"menu_order":0,"comment_status":"closed","ping_status":"closed","template":"","meta":{"rank_math_lock_modified_date":false,"_monsterinsights_skip_tracking":false,"_monsterinsights_sitenote_active":false,"_monsterinsights_sitenote_note":"","_monsterinsights_sitenote_category":0,"footnotes":""},"class_list":["post-3094","page","type-page","status-publish","hentry"],"_links":{"self":[{"href":"https:\/\/www.balaguer-rolls.com\/fr\/wp-json\/wp\/v2\/pages\/3094"}],"collection":[{"href":"https:\/\/www.balaguer-rolls.com\/fr\/wp-json\/wp\/v2\/pages"}],"about":[{"href":"https:\/\/www.balaguer-rolls.com\/fr\/wp-json\/wp\/v2\/types\/page"}],"author":[{"embeddable":true,"href":"https:\/\/www.balaguer-rolls.com\/fr\/wp-json\/wp\/v2\/users\/1"}],"replies":[{"embeddable":true,"href":"https:\/\/www.balaguer-rolls.com\/fr\/wp-json\/wp\/v2\/comments?post=3094"}],"version-history":[{"count":9,"href":"https:\/\/www.balaguer-rolls.com\/fr\/wp-json\/wp\/v2\/pages\/3094\/revisions"}],"predecessor-version":[{"id":3801,"href":"https:\/\/www.balaguer-rolls.com\/fr\/wp-json\/wp\/v2\/pages\/3094\/revisions\/3801"}],"wp:attachment":[{"href":"https:\/\/www.balaguer-rolls.com\/fr\/wp-json\/wp\/v2\/media?parent=3094"}],"curies":[{"name":"wp","href":"https:\/\/api.w.org\/{rel}","templated":true}]}}